{"id":7401,"date":"2024-02-03T01:02:45","date_gmt":"2024-02-03T00:02:45","guid":{"rendered":"https:\/\/skyrocketticketing.de\/?post_type=product&#038;p=7401"},"modified":"2024-08-08T17:02:54","modified_gmt":"2024-08-08T15:02:54","slug":"winefever2024","status":"publish","type":"product","link":"https:\/\/skyrocketticketing.de\/fr\/produit\/winefever2024\/","title":{"rendered":"Winefever 2024 - Billet \u00e9lectronique"},"content":{"rendered":"<p>WineFever Tr\u00e8ves 2024<\/p>\n<p>Qu'est-ce qui t'attend ?<\/p>\n<p>\ud83c\udfb8Des live acts pleins d'ambiance<br \/>\n\ud83e\udd42Le bon vin<br \/>\n\ud83e\udd51Stand de nourriture (organis\u00e9 par Beckers)<br \/>\n\ud83c\udf33Une atmosph\u00e8re tranquille dans la cour de la fontaine<br \/>\n6 stands de vins r\u00e9gionaux<\/p>\n<p>Domaines viticoles :<\/p>\n<p>Beckers<br \/>\nCour des chevaliers teutoniques<br \/>\nVan Volxem<br \/>\nHospices unis<br \/>\nDomaine viticole F\u00fcrst<br \/>\nWineFever<\/p>\n<p>Informations sur le programme :<br \/>\nOuverture des portes \u00e0 17h00<\/p>\n<p>18.04.<br \/>\nLe seul Weinbachelor d'Allemagne + Afterworkparty<br \/>\n\u00e0 partir de 17:00 heures avec DJ<\/p>\n<p>19.04.<br \/>\nMusique live \u00e0 partir de 18:00 avec First Men on Mars (aka POPUP BOYS et son groupe) (entr\u00e9e \u00e0 partir de 17:00)<\/p>\n<p>20.04.<br \/>\nMusique live \u00e0 partir de 18:00 avec Akku-Stikk (entr\u00e9e \u00e0 partir de 17:00)<\/p>\n<p>Prix d'entr\u00e9e :<br \/>\n18.04. (seulement caisse du soir) 4,00\u20ac.<br \/>\n19.04. VVK 8,00\u20ac plus frais de pr\u00e9vente<br \/>\n20.04. VVK 8,00\u20ac plus frais de pr\u00e9vente<\/p>\n<p>Billet combin\u00e9 19 &amp; 20.04 -&gt; VVK 14,00\u20ac plus frais de vente<\/p>","protected":false},"excerpt":{"rendered":"<p>Winefever 2024 - Billet \u00e9lectronique<\/p>\n<p>\ud83c\udfb8Des live acts pleins d'ambiance (DJ, First Men on Mars, Akku-Stikk)<br \/>\n\ud83e\udd42Le bon vin<br \/>\n\ud83e\udd51Stand de nourriture (organis\u00e9 par Beckers)<br \/>\n\ud83c\udf33Une atmosph\u00e8re tranquille dans la cour de la fontaine<br \/>\n6 stands de vins r\u00e9gionaux<\/p>","protected":false},"author":1,"featured_media":7405,"comment_status":"closed","ping_status":"closed","template":"","meta":{"_kadence_starter_templates_imported_post":false,"_kad_post_transparent":"","_kad_post_title":"","_kad_post_layout":"","_kad_post_sidebar_id":"","_kad_post_content_style":"","_kad_post_vertical_padding":"","_kad_post_feature":"","_kad_post_feature_position":"","_kad_post_header":false,"_kad_post_footer":false,"_kad_post_classname":""},"product_brand":[],"product_cat":[16],"product_tag":[19,18,17],"class_list":{"0":"post-7401","1":"product","2":"type-product","3":"status-publish","4":"has-post-thumbnail","6":"product_cat-tickets-weinmarketing-trier-gbr","7":"product_tag-weinfest","8":"product_tag-weinfest-trier","9":"product_tag-winefever","11":"first","12":"instock","13":"taxable","14":"shipping-taxable","15":"purchasable","16":"product-type-variable","17":"entry","18":"content-bg","19":"loop-entry"},"jetpack_sharing_enabled":true,"_links":{"self":[{"href":"https:\/\/skyrocketticketing.de\/fr\/wp-json\/wp\/v2\/product\/7401","targetHints":{"allow":["GET"]}}],"collection":[{"href":"https:\/\/skyrocketticketing.de\/fr\/wp-json\/wp\/v2\/product"}],"about":[{"href":"https:\/\/skyrocketticketing.de\/fr\/wp-json\/wp\/v2\/types\/product"}],"author":[{"embeddable":true,"href":"https:\/\/skyrocketticketing.de\/fr\/wp-json\/wp\/v2\/users\/1"}],"replies":[{"embeddable":true,"href":"https:\/\/skyrocketticketing.de\/fr\/wp-json\/wp\/v2\/comments?post=7401"}],"wp:featuredmedia":[{"embeddable":true,"href":"https:\/\/skyrocketticketing.de\/fr\/wp-json\/wp\/v2\/media\/7405"}],"wp:attachment":[{"href":"https:\/\/skyrocketticketing.de\/fr\/wp-json\/wp\/v2\/media?parent=7401"}],"wp:term":[{"taxonomy":"product_brand","embeddable":true,"href":"https:\/\/skyrocketticketing.de\/fr\/wp-json\/wp\/v2\/product_brand?post=7401"},{"taxonomy":"product_cat","embeddable":true,"href":"https:\/\/skyrocketticketing.de\/fr\/wp-json\/wp\/v2\/product_cat?post=7401"},{"taxonomy":"product_tag","embeddable":true,"href":"https:\/\/skyrocketticketing.de\/fr\/wp-json\/wp\/v2\/product_tag?post=7401"}],"curies":[{"name":"wp","href":"https:\/\/api.w.org\/{rel}","templated":true}]}}