{"id":4499,"date":"2023-09-09T08:27:46","date_gmt":"2023-09-09T06:27:46","guid":{"rendered":"https:\/\/skyrocketticketing.de\/?post_type=product&#038;p=4499"},"modified":"2024-02-04T23:16:08","modified_gmt":"2024-02-04T22:16:08","slug":"halloweenparty-fif-schoenecken-u-a-mit-luca-dante-niklas-dee-di-31-10-23-bitburg-pruem-eifel","status":"publish","type":"product","link":"https:\/\/skyrocketticketing.de\/fr\/produit\/halloweenparty-fif-schoenecken-u-a-mit-luca-dante-niklas-dee-di-31-10-23-bitburg-pruem-eifel\/","title":{"rendered":"F\u00caTE DE HALLOWEEN FiF SCH\u00d6NECKEN avec entre autres Luca-Dante &amp; Niklas Dee - MARDI 31\/10\/23 Bitburg \/ Pr\u00fcm \/ Eifel"},"content":{"rendered":"<p>\ud83c\udf83 F\u00caTE DE HALLOWEEN au FiF SCH\u00d6NECKEN \ud83c\udf83<\/p>\n<p>Nous y sommes \u00e0 nouveau ! La nuit la plus effrayante de l'ann\u00e9e approche et nous vous invitons \u00e0 la plus grande f\u00eate d'Halloween dans l'Eifel. Soyez pr\u00eats pour une nuit pleine de frissons et de rythmes \u00e9lectrisants !<\/p>\n<p>Quand et o\u00f9 ?<br \/>\n\ud83d\udcc6 Mardi 31.10.2023<br \/>\n\ud83d\udd57 D\u00e9but : 20:00 heures<br \/>\n\ud83d\udccd Lieu : FiF Sch\u00f6necken<\/p>\n<p>Qu'est-ce qui vous attend ?<br \/>\n\ud83c\udf79 Boissons d'horreur effrayantes<br \/>\n\ud83c\udf89 Un show lumineux impressionnant avec plus de 60 t\u00eates mobiles<br \/>\n\ud83d\udc7b D\u00e9coration d'horreur effrayante<\/p>\n<p>Ligne de musique :<\/p>\n<p>T\u00eate d'affiche :<br \/>\n\ud83c\udfb5 Luca-Dante Spadafora &amp; Niklas Dee :<br \/>\nLuca-Dante Spadafora, auteur-compositeur, producteur et DJ de 23 ans, a pris d'assaut la sc\u00e8ne musicale avec plus de 100 millions de streams dans le monde. Ses collaborations avec des artistes de premier plan comme Nena, Lena et Die Atzen et son ascension fulgurante en 2023 ont fait de lui l'un des 50 meilleurs producteurs EDM d'Allemagne. Niklas Dee, producteur et auteur-compositeur allemand de 20 ans, s'est impos\u00e9 comme l'un des principaux artistes EDM d'Allemagne. Avec Robin Schulz, il est le seul DJ germanophone \u00e0 avoir r\u00e9ussi \u00e0 se classer dans le top 5 des charts avec 2 chansons en m\u00eame temps. Ils dominent les charts avec leurs plus grands hits \"M\u00e4dchen Auf dem Pferd\" (num\u00e9ro 1 sur Spotify) et \"Not Fair\" (num\u00e9ro 5 sur Spotify) ainsi que \"Tabu RMX\". Sur Spotify, ils enregistrent respectivement 6,6 millions et 3,7 millions d'auditeurs mensuels. Niklas Dee se classe m\u00eame actuellement parmi les 15 meilleurs artistes stream\u00e9s en Allemagne !<\/p>\n<p>DJ's locaux :<br \/>\n\ud83c\udfb5 JACK<br \/>\n\ud83c\udfb5 DJ Cliff<br \/>\n\ud83c\udfb5 Hubbi<\/p>\n<p>Billets :<br \/>\nLes billets seront mis en vente le 09.09.2023 \u00e0 18h00. Prenez vos billets en pr\u00e9vente ou \u00e0 la caisse du soir et participez \u00e0 cette nuit \u00e9pique !<\/p>\n<p>Partagez votre impatience avec nous sous le hashtag #halloweeneifel<\/p>\n<p>Soyez pr\u00eats pour une nuit d'Halloween inoubliable au FiF Sch\u00f6necken. Nous sommes impatients de faire la f\u00eate avec vous ! \ud83d\udda4\ud83c\udf83\ud83e\udd87<\/p>","protected":false},"excerpt":{"rendered":"<p>Qu'est-ce qui vous attend ?<br \/>\n\ud83c\udf79 Boissons d'horreur effrayantes<br \/>\n\ud83c\udf89 Un show lumineux impressionnant avec plus de 60 t\u00eates mobiles<br \/>\n\ud83d\udc7b D\u00e9coration d'horreur effrayante<\/p>\n<p>Ligne de musique :<\/p>\n<p>T\u00eate d'affiche :<br \/>\n\ud83c\udfb5 Luca-Dante Spadafora &amp; Niklas Dee :<br \/>\nLuca-Dante Spadafora, auteur-compositeur, producteur et DJ de 23 ans, a pris d'assaut la sc\u00e8ne musicale avec plus de 100 millions de streams dans le monde. Ses collaborations avec des artistes de premier plan comme Nena, Lena et Die Atzen et son ascension fulgurante en 2023 ont fait de lui l'un des 50 meilleurs producteurs EDM d'Allemagne. Niklas Dee, producteur et auteur-compositeur allemand de 20 ans, s'est impos\u00e9 comme l'un des principaux artistes EDM d'Allemagne. Avec Robin Schulz, il est le seul DJ germanophone \u00e0 avoir r\u00e9ussi \u00e0 se classer dans le top 5 des charts avec 2 chansons en m\u00eame temps. Ils dominent les charts avec leurs plus grands hits \"M\u00e4dchen Auf dem Pferd\" (num\u00e9ro 1 sur Spotify) et \"Not Fair\" (num\u00e9ro 5 sur Spotify) ainsi que \"Tabu RMX\". Sur Spotify, ils enregistrent respectivement 6,6 millions et 3,7 millions d'auditeurs mensuels. Niklas Dee se classe m\u00eame actuellement parmi les 15 meilleurs artistes stream\u00e9s en Allemagne !<\/p>\n<p>DJ's locaux :<br \/>\n\ud83c\udfb5 JACK<br \/>\n\ud83c\udfb5 DJ Cliff<br \/>\n\ud83c\udfb5 Hubbi<\/p>","protected":false},"author":1,"featured_media":4500,"comment_status":"closed","ping_status":"closed","template":"","meta":{"_kadence_starter_templates_imported_post":false,"_kad_post_transparent":"","_kad_post_title":"","_kad_post_layout":"","_kad_post_sidebar_id":"","_kad_post_content_style":"","_kad_post_vertical_padding":"","_kad_post_feature":"","_kad_post_feature_position":"","_kad_post_header":false,"_kad_post_footer":false,"_kad_post_classname":""},"product_brand":[],"product_cat":[38],"product_tag":[47,46],"class_list":{"0":"post-4499","1":"product","2":"type-product","3":"status-publish","4":"has-post-thumbnail","6":"product_cat-eifel-events-com","7":"product_tag-eifelparty","8":"product_tag-halloween","10":"first","11":"outofstock","12":"downloadable","13":"virtual","14":"taxable","15":"purchasable","16":"product-type-simple","17":"entry","18":"content-bg","19":"loop-entry"},"jetpack_sharing_enabled":true,"_links":{"self":[{"href":"https:\/\/skyrocketticketing.de\/fr\/wp-json\/wp\/v2\/product\/4499","targetHints":{"allow":["GET"]}}],"collection":[{"href":"https:\/\/skyrocketticketing.de\/fr\/wp-json\/wp\/v2\/product"}],"about":[{"href":"https:\/\/skyrocketticketing.de\/fr\/wp-json\/wp\/v2\/types\/product"}],"author":[{"embeddable":true,"href":"https:\/\/skyrocketticketing.de\/fr\/wp-json\/wp\/v2\/users\/1"}],"replies":[{"embeddable":true,"href":"https:\/\/skyrocketticketing.de\/fr\/wp-json\/wp\/v2\/comments?post=4499"}],"wp:featuredmedia":[{"embeddable":true,"href":"https:\/\/skyrocketticketing.de\/fr\/wp-json\/wp\/v2\/media\/4500"}],"wp:attachment":[{"href":"https:\/\/skyrocketticketing.de\/fr\/wp-json\/wp\/v2\/media?parent=4499"}],"wp:term":[{"taxonomy":"product_brand","embeddable":true,"href":"https:\/\/skyrocketticketing.de\/fr\/wp-json\/wp\/v2\/product_brand?post=4499"},{"taxonomy":"product_cat","embeddable":true,"href":"https:\/\/skyrocketticketing.de\/fr\/wp-json\/wp\/v2\/product_cat?post=4499"},{"taxonomy":"product_tag","embeddable":true,"href":"https:\/\/skyrocketticketing.de\/fr\/wp-json\/wp\/v2\/product_tag?post=4499"}],"curies":[{"name":"wp","href":"https:\/\/api.w.org\/{rel}","templated":true}]}}