{"id":35023,"date":"2026-04-10T20:26:30","date_gmt":"2026-04-10T18:26:30","guid":{"rendered":"https:\/\/skyrocketticketing.de\/?post_type=product&#038;p=35023"},"modified":"2026-04-11T22:33:43","modified_gmt":"2026-04-11T20:33:43","slug":"winefever-2026-e-ticket","status":"publish","type":"product","link":"https:\/\/skyrocketticketing.de\/fr\/produit\/winefever-2026-e-ticket\/","title":{"rendered":"Winefever 2026 \u2013 Billet \u00e9lectronique"},"content":{"rendered":"<p class=\"font-claude-response-body break-words whitespace-normal leading-[1.7]\"><strong>WineFever Tr\u00e8ves 2026 \u2013 L'\u00e9t\u00e9 commence dans le Brunnenhof ! \ud83c\udf77\u2600\ufe0f<\/strong><\/p>\n<p class=\"font-claude-response-body break-words whitespace-normal leading-[1.7]\">Du 11 au 13 juin 2026, le Brunnenhof de Tr\u00e8ves redeviendra la sc\u00e8ne ext\u00e9rieure pittoresque de la r\u00e9gion. Le WineFever Trier 2026 vous invite \u00e0 c\u00e9l\u00e9brer l'\u00e9t\u00e9 l\u00e0 o\u00f9 il commence le plus joliment \u2013 \u00e0 l'ombre de la Porta Nigra, avec du bon vin, de la musique live et la meilleure compagnie !<\/p>\n<p class=\"font-claude-response-body break-words whitespace-normal leading-[1.7]\">\ud83c\udf9f <strong>D\u00e9but de la pr\u00e9vente : 11.06.2026 \u00e0 15h00<\/strong> \ud83d\udccd Brunnenhof, Tr\u00e8ves \ud83c\udf77 Vins, Cocktails &amp; Bi\u00e8res | Artistes live &amp; DJs | Convivialit\u00e9 garantie !<\/p>\n<hr class=\"border-border-200 border-t-0.5 my-3 mx-1.5\" \/>\n<p class=\"font-claude-response-body break-words whitespace-normal leading-[1.7]\"><strong>Ce qui vous attend<\/strong><\/p>\n<p class=\"font-claude-response-body break-words whitespace-normal leading-[1.7]\">\ud83c\udf77 <strong>Vins de choix<\/strong> \u2013 Sont pr\u00e9sents Beckers, Deutschherrenhof, Vereinigte Hospitien, Weingut F\u00fcrst et Weingut von Nell de Tr\u00e8ves \u2013 tous avec leur propre stand. Il y a aussi le stand de vin WineFever avec des vins du Weingut Apel.<\/p>\n<p class=\"font-claude-response-body break-words whitespace-normal leading-[1.7]\">\ud83c\udf79 <strong>Plus que du vin<\/strong> \u2013 De la bi\u00e8re et des cocktails vous attendent aussi !<\/p>\n<p class=\"font-claude-response-body break-words whitespace-normal leading-[1.7]\">\ud83c\udf7d <strong>Temps forts culinaires<\/strong> \u2013 D\u00e9licieux plats de DIAN Izakaya.<\/p>\n<hr class=\"border-border-200 border-t-0.5 my-3 mx-1.5\" \/>\n<p class=\"font-claude-response-body break-words whitespace-normal leading-[1.7]\"><strong>\ud83c\udfb6 Le programme en un coup d'\u0153il :<\/strong><\/p>\n<p class=\"font-claude-response-body break-words whitespace-normal leading-[1.7]\">\ud83e\udd42 <strong>Jeudi 11 juin<\/strong> \u2013 <em>AfterWork rencontre Weinbachelor<\/em> Le seul titulaire d'un baccalaur\u00e9at en vin d'Allemagne est de retour \u2013 cette fois, entre autres, avec <strong>DJ JACK<\/strong>. Le d\u00e9but parfait pour un long week-end d'\u00e9t\u00e9. \u23f0 Ouverture des portes \u00e0 partir de 17h00<\/p>\n<p class=\"font-claude-response-body break-words whitespace-normal leading-[1.7]\">\ud83c\udf05 <strong>Vendredi 12 juin<\/strong> \u2013 <em>Coucher de soleil \u00e9lectrique<\/em> \u2728 NOUVEAU 2026 Ambiance Ibiza\/Coucher de soleil et Melodic Techno \u2013 des sons \u00e9lectroniques \u00e0 ciel ouvert pour une soir\u00e9e d'\u00e9t\u00e9 inoubliable. La programmation des DJ sera annonc\u00e9e prochainement ! \u23f0 Entr\u00e9e d\u00e8s 17h30 | \ud83d\udcb6 Pr\u00e9vente 7,00 \u20ac (hors frais)<\/p>\n<p class=\"font-claude-response-body break-words whitespace-normal leading-[1.7]\">\ud83c\udfb8 <strong>Samedi 13 juin<\/strong> \u2013 <em>Musique live avec Tonwerk<\/em> Le samedi sera d\u00e9di\u00e9 \u00e0 la musique live \u2013 le groupe Tonwerk assurera une fin de week-end parfaite. \u23f0 Entr\u00e9e \u00e0 partir de 17h30 | \ud83d\udcb6 Pr\u00e9vente 8,00 \u20ac (hors frais)<\/p>\n<p class=\"font-claude-response-body break-words whitespace-normal leading-[1.7]\">\ud83c\udf9f <strong>Billet combin\u00e9 Ve &amp; Sa : Pr\u00e9vente 13,00 \u20ac (hors frais)<\/strong><\/p>\n<hr class=\"border-border-200 border-t-0.5 my-3 mx-1.5\" \/>\n<p class=\"font-claude-response-body break-words whitespace-normal leading-[1.7]\">\ud83d\uded1 <strong>Avec le soutien de : Contempi Trier<\/strong><\/p>\n<p class=\"font-claude-response-body break-words whitespace-normal leading-[1.7]\">\u00c0 un \u00e9t\u00e9 inoubliable \u2013 avec un vin formidable, de la musique entra\u00eenante et les meilleures personnes ! \ud83c\udf77\ud83c\udfb6<\/p>","protected":false},"excerpt":{"rendered":"<p>Winefever 2026 \u2013 Billet \u00e9lectronique<\/p>","protected":false},"author":1,"featured_media":35027,"comment_status":"closed","ping_status":"closed","template":"","meta":{"_kadence_starter_templates_imported_post":false,"_kad_post_transparent":"default","_kad_post_title":"","_kad_post_layout":"default","_kad_post_sidebar_id":"","_kad_post_content_style":"default","_kad_post_vertical_padding":"default","_kad_post_feature":"","_kad_post_feature_position":"","_kad_post_header":false,"_kad_post_footer":false,"_kad_post_classname":""},"product_brand":[],"product_cat":[16],"product_tag":[19,18,17],"class_list":{"0":"post-35023","1":"product","2":"type-product","3":"status-publish","4":"has-post-thumbnail","6":"product_cat-tickets-weinmarketing-trier-gbr","7":"product_tag-weinfest","8":"product_tag-weinfest-trier","9":"product_tag-winefever","11":"first","12":"instock","13":"taxable","14":"shipping-taxable","15":"purchasable","16":"product-type-variable","17":"entry","18":"content-bg","19":"loop-entry"},"jetpack_sharing_enabled":true,"_links":{"self":[{"href":"https:\/\/skyrocketticketing.de\/fr\/wp-json\/wp\/v2\/product\/35023","targetHints":{"allow":["GET"]}}],"collection":[{"href":"https:\/\/skyrocketticketing.de\/fr\/wp-json\/wp\/v2\/product"}],"about":[{"href":"https:\/\/skyrocketticketing.de\/fr\/wp-json\/wp\/v2\/types\/product"}],"author":[{"embeddable":true,"href":"https:\/\/skyrocketticketing.de\/fr\/wp-json\/wp\/v2\/users\/1"}],"replies":[{"embeddable":true,"href":"https:\/\/skyrocketticketing.de\/fr\/wp-json\/wp\/v2\/comments?post=35023"}],"wp:featuredmedia":[{"embeddable":true,"href":"https:\/\/skyrocketticketing.de\/fr\/wp-json\/wp\/v2\/media\/35027"}],"wp:attachment":[{"href":"https:\/\/skyrocketticketing.de\/fr\/wp-json\/wp\/v2\/media?parent=35023"}],"wp:term":[{"taxonomy":"product_brand","embeddable":true,"href":"https:\/\/skyrocketticketing.de\/fr\/wp-json\/wp\/v2\/product_brand?post=35023"},{"taxonomy":"product_cat","embeddable":true,"href":"https:\/\/skyrocketticketing.de\/fr\/wp-json\/wp\/v2\/product_cat?post=35023"},{"taxonomy":"product_tag","embeddable":true,"href":"https:\/\/skyrocketticketing.de\/fr\/wp-json\/wp\/v2\/product_tag?post=35023"}],"curies":[{"name":"wp","href":"https:\/\/api.w.org\/{rel}","templated":true}]}}