{"id":34693,"date":"2026-03-28T12:14:52","date_gmt":"2026-03-28T11:14:52","guid":{"rendered":"https:\/\/skyrocketticketing.de\/?post_type=product&#038;p=34693"},"modified":"2026-05-12T17:25:05","modified_gmt":"2026-05-12T15:25:05","slug":"portapulse","status":"publish","type":"product","link":"https:\/\/skyrocketticketing.de\/fr\/produit\/portapulse\/","title":{"rendered":"Portapulse Festival 2026 - by TMF - 22.08.2026"},"content":{"rendered":"<h3 class=\"font-claude-response-body break-words whitespace-normal leading-[1.7]\"><strong>PORTAPULSE -<\/strong> <em>O\u00f9 le hardstyle rencontre l'histoire<\/em><\/h3>\n<p class=\"font-claude-response-body break-words whitespace-normal leading-[1.7]\">Les organisateurs du Trier Music Festival proposent une toute nouvelle exp\u00e9rience de festival : <strong>Portapulse<\/strong> associe des rythmes forts \u00e0 un d\u00e9cor historique - l\u00e0 o\u00f9 l'histoire romaine rencontre l'\u00e9nergie pure.<\/p>\n<p class=\"font-claude-response-body break-words whitespace-normal leading-[1.7]\">Vivez le hardstyle comme vous ne l'avez jamais v\u00e9cu. Au c\u0153ur de l'une des plus anciennes villes d'Allemagne, nous ferons trembler le sol et trembler les murs.<\/p>\n<p class=\"font-claude-response-body break-words whitespace-normal leading-[1.7]\"><strong>Line-up :<\/strong><\/p>\n<p class=\"font-claude-response-body break-words whitespace-normal leading-[1.7]\">\ud83d\udd0a KROWDEXX \u2013 RAN-D \u2013 TOZA \ud83d\udd0a + Artistes Locaux<\/p>\n<p class=\"font-claude-response-body break-words whitespace-normal leading-[1.7]\">Plus qu'un festival. Une pulsation \u00e0 travers le temps.<\/p>\n<p class=\"font-claude-response-body break-words whitespace-normal leading-[1.7]\"><em>Portapulse - pr\u00e9sent\u00e9 par l'\u00e9quipe de la TMF.<\/em><\/p>","protected":false},"excerpt":{"rendered":"<p>PORTAPULSE - Where Hardstyle Meets History Les organisateurs du Trier Music Festival proposent une toute nouvelle exp\u00e9rience de festival : Portapulse r\u00e9unit des beats durs et des coulisses historiques - l\u00e0 o\u00f9 l'histoire romaine rencontre l'\u00e9nergie pure. Vivez le hardstyle comme vous ne l'avez jamais v\u00e9cu. En plein c\u0153ur de l'une des plus anciennes villes d'Allemagne, nous laissons le sol...<\/p>","protected":false},"author":1,"featured_media":34695,"comment_status":"open","ping_status":"closed","template":"","meta":{"_kadence_starter_templates_imported_post":false,"_kad_post_transparent":"default","_kad_post_title":"","_kad_post_layout":"default","_kad_post_sidebar_id":"","_kad_post_content_style":"default","_kad_post_vertical_padding":"default","_kad_post_feature":"","_kad_post_feature_position":"","_kad_post_header":false,"_kad_post_footer":false,"_kad_post_classname":""},"product_brand":[],"product_cat":[51],"product_tag":[71,69,72,74,70],"class_list":{"0":"post-34693","1":"product","2":"type-product","3":"status-publish","4":"has-post-thumbnail","6":"product_cat-tmf-festival","7":"product_tag-elektro","8":"product_tag-festival","9":"product_tag-hardstyle","10":"product_tag-techno","11":"product_tag-trier","13":"first","14":"instock","15":"taxable","16":"shipping-taxable","17":"purchasable","18":"product-type-variable","19":"entry","20":"content-bg","21":"loop-entry"},"jetpack_sharing_enabled":true,"_links":{"self":[{"href":"https:\/\/skyrocketticketing.de\/fr\/wp-json\/wp\/v2\/product\/34693","targetHints":{"allow":["GET"]}}],"collection":[{"href":"https:\/\/skyrocketticketing.de\/fr\/wp-json\/wp\/v2\/product"}],"about":[{"href":"https:\/\/skyrocketticketing.de\/fr\/wp-json\/wp\/v2\/types\/product"}],"author":[{"embeddable":true,"href":"https:\/\/skyrocketticketing.de\/fr\/wp-json\/wp\/v2\/users\/1"}],"replies":[{"embeddable":true,"href":"https:\/\/skyrocketticketing.de\/fr\/wp-json\/wp\/v2\/comments?post=34693"}],"wp:featuredmedia":[{"embeddable":true,"href":"https:\/\/skyrocketticketing.de\/fr\/wp-json\/wp\/v2\/media\/34695"}],"wp:attachment":[{"href":"https:\/\/skyrocketticketing.de\/fr\/wp-json\/wp\/v2\/media?parent=34693"}],"wp:term":[{"taxonomy":"product_brand","embeddable":true,"href":"https:\/\/skyrocketticketing.de\/fr\/wp-json\/wp\/v2\/product_brand?post=34693"},{"taxonomy":"product_cat","embeddable":true,"href":"https:\/\/skyrocketticketing.de\/fr\/wp-json\/wp\/v2\/product_cat?post=34693"},{"taxonomy":"product_tag","embeddable":true,"href":"https:\/\/skyrocketticketing.de\/fr\/wp-json\/wp\/v2\/product_tag?post=34693"}],"curies":[{"name":"wp","href":"https:\/\/api.w.org\/{rel}","templated":true}]}}