{"id":31612,"date":"2026-01-24T17:16:02","date_gmt":"2026-01-24T16:16:02","guid":{"rendered":"https:\/\/skyrocketticketing.de\/?post_type=product&#038;p=31612"},"modified":"2026-02-16T19:19:34","modified_gmt":"2026-02-16T18:19:34","slug":"tmf26hotel","status":"publish","type":"product","link":"https:\/\/skyrocketticketing.de\/fr\/produit\/tmf26hotel\/","title":{"rendered":"TMF Hotel Pakete - Trier Music Festival 2026 - 14.03.2026"},"content":{"rendered":"<div class=\"flex-shrink-0 flex flex-col relative items-end\">\n<div class=\"pt-0\">\n<div class=\"gizmo-bot-avatar flex h-8 w-8 items-center justify-center overflow-hidden rounded-full\">\n<h3 data-start=\"156\" data-end=\"214\">Chambre double pour 2 personnes - H\u00f4tel Porta Victus Tr\u00e8ves<\/h3>\n<p data-start=\"216\" data-end=\"385\">Passez la nuit dans une chambre double confortable pour deux personnes au <strong data-start=\"282\" data-end=\"310\">H\u00f4tel Porta Victus Tr\u00e8ves<\/strong>. Id\u00e9al pour votre s\u00e9jour \u00e0 Tr\u00e8ves - au choix avec ou sans ticket TMF.<\/p>\n<p data-start=\"387\" data-end=\"416\"><strong data-start=\"387\" data-end=\"416\">Prestations et conditions :<\/strong><\/p>\n<ul data-start=\"417\" data-end=\"703\">\n<li data-start=\"417\" data-end=\"466\">\n<p data-start=\"419\" data-end=\"466\">Nuit en chambre double pour <strong data-start=\"452\" data-end=\"466\">2 personnes<\/strong><\/p>\n<\/li>\n<li data-start=\"467\" data-end=\"507\">\n<p data-start=\"469\" data-end=\"507\"><strong data-start=\"469\" data-end=\"485\">Prix H\u00f4tel :<\/strong> <strong data-start=\"486\" data-end=\"507\">85,00 \u20ac par nuit<\/strong><\/p>\n<\/li>\n<li data-start=\"508\" data-end=\"536\">\n<p data-start=\"510\" data-end=\"536\">Check-in : \u00e0 partir de <strong data-start=\"523\" data-end=\"536\">14:00 heures<\/strong><\/p>\n<\/li>\n<li data-start=\"537\" data-end=\"572\">\n<p data-start=\"539\" data-end=\"572\">Late check-out : jusqu'\u00e0 <strong data-start=\"559\" data-end=\"572\">12:00 heures<\/strong><\/p>\n<\/li>\n<li data-start=\"573\" data-end=\"636\">\n<p data-start=\"575\" data-end=\"636\">City Tax : La City Tax locale est <strong data-start=\"611\" data-end=\"636\">\u00e0 payer sur place<\/strong><\/p>\n<\/li>\n<li data-start=\"637\" data-end=\"703\">\n<p data-start=\"639\" data-end=\"703\">Petit-d\u00e9jeuner : \u00e0 r\u00e9server en option sur place pour <strong data-start=\"681\" data-end=\"703\">15,00 \u20ac par personne<\/strong><\/p>\n<\/li>\n<\/ul>\n<p data-start=\"705\" data-end=\"726\"><strong data-start=\"705\" data-end=\"726\">Options de r\u00e9servation :<\/strong><\/p>\n<ul data-start=\"727\" data-end=\"978\">\n<li data-start=\"727\" data-end=\"772\">\n<p data-start=\"729\" data-end=\"772\"><strong data-start=\"729\" data-end=\"754\">Nuit d'h\u00f4tel uniquement<\/strong> (sans ticket TMF)<\/p>\n<\/li>\n<li data-start=\"773\" data-end=\"978\">\n<p data-start=\"775\" data-end=\"904\"><strong data-start=\"775\" data-end=\"812\">Nuit d'h\u00f4tel + 2 billets TMF<\/strong><br data-start=\"812\" data-end=\"815\" \/>\u2192 prix de l'h\u00f4tel : <strong data-start=\"831\" data-end=\"852\">85,00 \u20ac par nuit<\/strong><br data-start=\"852\" data-end=\"855\" \/>\u2192 <strong data-start=\"859\" data-end=\"902\">Les tickets TMF sont factur\u00e9s en sus<\/strong><\/p>\n<ul data-start=\"907\" data-end=\"978\">\n<li data-start=\"907\" data-end=\"942\">\n<p data-start=\"909\" data-end=\"942\">Phase 2 : <strong data-start=\"918\" data-end=\"940\">46,99 \u20ac par billet<\/strong><\/p>\n<\/li>\n<li data-start=\"945\" data-end=\"978\">\n<p data-start=\"947\" data-end=\"978\">Phase 3 : <strong data-start=\"956\" data-end=\"978\">52,99 \u20ac par billet<\/strong><\/p>\n<\/li>\n<\/ul>\n<\/li>\n<\/ul>\n<p data-start=\"980\" data-end=\"1066\">Le prix total est calcul\u00e9 en ajoutant au prix de l'h\u00f4tel les billets de la phase de billetterie en cours.<\/p>\n<\/div>\n<\/div>\n<\/div>","protected":false},"excerpt":{"rendered":"<p>Chambre double pour 2 personnes - H\u00f4tel Porta Victus Tr\u00e8ves Passez la nuit dans une confortable chambre double pour deux personnes \u00e0 l'H\u00f4tel Porta Victus Tr\u00e8ves. Id\u00e9al pour votre s\u00e9jour \u00e0 Tr\u00e8ves - au choix avec ou sans billet TMF. Prestations &amp; conditions : Nuit\u00e9e en chambre double pour 2 personnes Prix h\u00f4tel : 85,00 \u20ac par nuit Check-in : \u00e0 partir de 14:00 Late Check-out :...<\/p>","protected":false},"author":1,"featured_media":31611,"comment_status":"open","ping_status":"closed","template":"","meta":{"_kadence_starter_templates_imported_post":false,"_kad_post_transparent":"default","_kad_post_title":"","_kad_post_layout":"default","_kad_post_sidebar_id":"","_kad_post_content_style":"default","_kad_post_vertical_padding":"default","_kad_post_feature":"","_kad_post_feature_position":"","_kad_post_header":false,"_kad_post_footer":false,"_kad_post_classname":""},"product_brand":[],"product_cat":[51],"product_tag":[73,71,69,72,74,70],"class_list":{"0":"post-31612","1":"product","2":"type-product","3":"status-publish","4":"has-post-thumbnail","6":"product_cat-tmf-festival","7":"product_tag-bigroom","8":"product_tag-elektro","9":"product_tag-festival","10":"product_tag-hardstyle","11":"product_tag-techno","12":"product_tag-trier","14":"first","15":"outofstock","16":"taxable","17":"shipping-taxable","18":"purchasable","19":"product-type-variable","20":"entry","21":"content-bg","22":"loop-entry"},"jetpack_sharing_enabled":true,"_links":{"self":[{"href":"https:\/\/skyrocketticketing.de\/fr\/wp-json\/wp\/v2\/product\/31612","targetHints":{"allow":["GET"]}}],"collection":[{"href":"https:\/\/skyrocketticketing.de\/fr\/wp-json\/wp\/v2\/product"}],"about":[{"href":"https:\/\/skyrocketticketing.de\/fr\/wp-json\/wp\/v2\/types\/product"}],"author":[{"embeddable":true,"href":"https:\/\/skyrocketticketing.de\/fr\/wp-json\/wp\/v2\/users\/1"}],"replies":[{"embeddable":true,"href":"https:\/\/skyrocketticketing.de\/fr\/wp-json\/wp\/v2\/comments?post=31612"}],"wp:featuredmedia":[{"embeddable":true,"href":"https:\/\/skyrocketticketing.de\/fr\/wp-json\/wp\/v2\/media\/31611"}],"wp:attachment":[{"href":"https:\/\/skyrocketticketing.de\/fr\/wp-json\/wp\/v2\/media?parent=31612"}],"wp:term":[{"taxonomy":"product_brand","embeddable":true,"href":"https:\/\/skyrocketticketing.de\/fr\/wp-json\/wp\/v2\/product_brand?post=31612"},{"taxonomy":"product_cat","embeddable":true,"href":"https:\/\/skyrocketticketing.de\/fr\/wp-json\/wp\/v2\/product_cat?post=31612"},{"taxonomy":"product_tag","embeddable":true,"href":"https:\/\/skyrocketticketing.de\/fr\/wp-json\/wp\/v2\/product_tag?post=31612"}],"curies":[{"name":"wp","href":"https:\/\/api.w.org\/{rel}","templated":true}]}}