{"id":22843,"date":"2025-03-26T13:31:28","date_gmt":"2025-03-26T12:31:28","guid":{"rendered":"https:\/\/skyrocketticketing.de\/?post_type=product&#038;p=22843"},"modified":"2026-03-17T18:32:47","modified_gmt":"2026-03-17T17:32:47","slug":"tmf26","status":"publish","type":"product","link":"https:\/\/skyrocketticketing.de\/fr\/produit\/tmf26\/","title":{"rendered":"TMF - Trier Music Festival 2026 - 14.03.2026"},"content":{"rendered":"<div class=\"flex-shrink-0 flex flex-col relative items-end\">\n<div class=\"pt-0\">\n<div class=\"gizmo-bot-avatar flex h-8 w-8 items-center justify-center overflow-hidden rounded-full\">\n<h2 data-start=\"253\" data-end=\"343\"><strong data-start=\"256\" data-end=\"343\">Trier Music Festival 2026 - Le plus grand festival indoor de Rh\u00e9nanie-Palatinat<\/strong><\/h2>\n<p data-start=\"345\" data-end=\"475\">Sur le site <strong data-start=\"348\" data-end=\"378\">Samedi 14 mars 2026<\/strong> sera le <strong data-start=\"388\" data-end=\"407\">Parc des expositions de Tr\u00e8ves<\/strong> \u00e0 nouveau le lieu de rendez-vous des fans de musique \u00e9lectronique plus dure.<\/p>\n<p data-start=\"477\" data-end=\"663\"><strong data-start=\"477\" data-end=\"529\">Hardstyle, Rawstyle, Uptempo et Party Hardstyle<\/strong> - le TMF r\u00e9unit toutes les facettes de la sc\u00e8ne hard dance sur une m\u00eame sc\u00e8ne et cr\u00e9e une exp\u00e9rience unique de son, de lumi\u00e8re et d'\u00e9nergie.<\/p>\n<p data-start=\"665\" data-end=\"888\">Apr\u00e8s deux \u00e9ditions \u00e0 guichets ferm\u00e9s avec des temps forts comme <strong data-start=\"717\" data-end=\"726\">Ran-D<\/strong>, <strong data-start=\"728\" data-end=\"745\">Harris &amp; Ford<\/strong>, <strong data-start=\"747\" data-end=\"760\">Neptunica<\/strong>, <strong data-start=\"762\" data-end=\"776\">Da Tweekaz<\/strong>, <strong data-start=\"778\" data-end=\"791\">R\u00e9bellion<\/strong>, <strong data-start=\"793\" data-end=\"804\">Warface<\/strong>, <strong data-start=\"806\" data-end=\"814\">STVW<\/strong> et <strong data-start=\"819\" data-end=\"827\">Axmo<\/strong> est-ce que cela va <strong data-start=\"837\" data-end=\"866\">Festival de musique de Tr\u00e8ves 2026<\/strong> au prochain tour.<\/p>\n<hr data-start=\"890\" data-end=\"893\" \/>\n<h3 data-start=\"895\" data-end=\"938\"><strong data-start=\"899\" data-end=\"938\">T\u00eates d'affiche confirm\u00e9es (A-Z) TMF 2026 :<\/strong><\/h3>\n<ul>\n<li style=\"list-style-type: none;\">\n<ul data-start=\"465\" data-end=\"649\">\n<li data-start=\"465\" data-end=\"486\">\n<p data-start=\"467\" data-end=\"486\"><strong data-start=\"467\" data-end=\"484\">C\u0153ur de Brennan<\/strong><\/p>\n<\/li>\n<li data-start=\"506\" data-end=\"521\">\n<p data-start=\"508\" data-end=\"521\"><strong data-start=\"508\" data-end=\"519\">Dr Donk<\/strong><\/p>\n<\/li>\n<li data-start=\"522\" data-end=\"551\">\n<p data-start=\"524\" data-end=\"551\"><strong data-start=\"524\" data-end=\"541\">Harris &amp; Ford<\/strong> <em data-start=\"542\" data-end=\"549\">(nouveau)<\/em><\/p>\n<\/li>\n<li data-start=\"552\" data-end=\"576\">\n<p data-start=\"554\" data-end=\"576\"><strong data-start=\"554\" data-end=\"566\">Noisflow<\/strong> <em data-start=\"567\" data-end=\"574\">(nouveau)<\/em><\/p>\n<\/li>\n<li data-start=\"577\" data-end=\"602\">\n<p data-start=\"579\" data-end=\"602\"><strong data-start=\"579\" data-end=\"592\">Outsiders<\/strong> <em data-start=\"593\" data-end=\"600\">(nouveau)<\/em><\/p>\n<\/li>\n<li data-start=\"603\" data-end=\"627\">\n<p data-start=\"605\" data-end=\"627\"><strong data-start=\"605\" data-end=\"625\">Projet Sub Zero<\/strong><\/p>\n<\/li>\n<li data-start=\"628\" data-end=\"649\">\n<p data-start=\"630\" data-end=\"649\"><strong data-start=\"630\" data-end=\"641\">Vertile<\/strong> <em data-start=\"642\" data-end=\"649\">(nouveau)<\/em><\/p>\n<\/li>\n<\/ul>\n<\/li>\n<\/ul>\n<hr data-start=\"1347\" data-end=\"1350\" \/>\n<h3 data-start=\"1352\" data-end=\"1380\">\ud83d\udccd <strong data-start=\"1359\" data-end=\"1380\">Ce qui t'attend<\/strong><\/h3>\n<ul data-start=\"1382\" data-end=\"1566\">\n<li data-start=\"1382\" data-end=\"1419\">\n<p data-start=\"1384\" data-end=\"1419\"><strong data-start=\"1384\" data-end=\"1394\">Date<\/strong> Samedi 14 mars 2026<\/p>\n<\/li>\n<li data-start=\"1420\" data-end=\"1462\">\n<p data-start=\"1422\" data-end=\"1462\"><strong data-start=\"1422\" data-end=\"1435\">Lieu :<\/strong> Parc des expositions de Tr\u00e8ves (Indoor)<\/p>\n<\/li>\n<li data-start=\"1463\" data-end=\"1492\">\n<p data-start=\"1465\" data-end=\"1492\"><strong data-start=\"1465\" data-end=\"1477\">Admission :<\/strong> \u00e0 partir de 18:00 heures<\/p>\n<\/li>\n<li data-start=\"1493\" data-end=\"1566\">\n<p data-start=\"1495\" data-end=\"1566\"><strong data-start=\"1495\" data-end=\"1506\">Genres :<\/strong> Harddance - Hardstyle, Rawstyle, Uptempo, Party Hardstyle<\/p>\n<\/li>\n<\/ul>\n<p data-start=\"1568\" data-end=\"1721\">D\u00e9couvre plus de <strong data-start=\"1580\" data-end=\"1607\">9 heures de musique non-stop<\/strong>La f\u00eate de la bi\u00e8re est un \u00e9v\u00e9nement qui se d\u00e9roule dans une ambiance festive, avec une technique d'\u00e9clairage haut de gamme, des visuels LED, de la pyrotechnie, des food trucks et une communaut\u00e9 qui sait ce qu'est la f\u00eate.<\/p>\n<hr data-start=\"1723\" data-end=\"1726\" \/>\n<h3 data-start=\"1728\" data-end=\"1764\">\ud83c\udf9f\ufe0f <strong data-start=\"1736\" data-end=\"1764\">Aper\u00e7u des types de billets<\/strong><\/h3>\n<h4 data-start=\"1766\" data-end=\"1785\">BILLET REGULIER<\/h4>\n<ul data-start=\"1786\" data-end=\"1939\">\n<li data-start=\"1786\" data-end=\"1825\">\n<p data-start=\"1788\" data-end=\"1825\">Acc\u00e8s \u00e0 toute la zone du festival<\/p>\n<\/li>\n<li data-start=\"1826\" data-end=\"1872\">\n<p data-start=\"1828\" data-end=\"1872\">Acc\u00e8s \u00e0 tous les floors, foodtrucks &amp; bars<\/p>\n<\/li>\n<li data-start=\"1873\" data-end=\"1905\">\n<p data-start=\"1875\" data-end=\"1905\">Libre choix des places dans le Mainfloor<\/p>\n<\/li>\n<li data-start=\"1906\" data-end=\"1939\">\n<p data-start=\"1908\" data-end=\"1939\">Y compris <strong data-start=\"1918\" data-end=\"1937\">Bracelet du festival<\/strong><\/p>\n<\/li>\n<\/ul>\n<p data-start=\"1941\" data-end=\"2074\">Le Regular Ticket t'am\u00e8ne au c\u0153ur de l'action - directement sur la piste de danse, dans la foule, l\u00e0 o\u00f9 la basse porte le plus.<\/p>\n<hr data-start=\"2076\" data-end=\"2079\" \/>\n<h4 data-start=\"2081\" data-end=\"2096\">BILLET VIP<\/h4>\n<p data-start=\"2097\" data-end=\"2142\"><strong data-start=\"2097\" data-end=\"2136\">Tous les services du Regular Ticket<\/strong> plus :<\/p>\n<ul data-start=\"2143\" data-end=\"2363\">\n<li data-start=\"2143\" data-end=\"2189\">\n<p data-start=\"2145\" data-end=\"2189\"><strong data-start=\"2145\" data-end=\"2166\">Entr\u00e9e de Fast Lane<\/strong> sans longue attente<\/p>\n<\/li>\n<li data-start=\"2190\" data-end=\"2255\">\n<p data-start=\"2192\" data-end=\"2255\">Acc\u00e8s \u00e0 la <strong data-start=\"2203\" data-end=\"2228\">salon VIP exclusif<\/strong> avec une vue sur\u00e9lev\u00e9e de la sc\u00e8ne<\/p>\n<\/li>\n<li data-start=\"2256\" data-end=\"2300\">\n<p data-start=\"2258\" data-end=\"2300\"><strong data-start=\"2258\" data-end=\"2269\">Bar VIP<\/strong> avec des boissons de meilleure qualit\u00e9<\/p>\n<\/li>\n<li data-start=\"2301\" data-end=\"2329\">\n<p data-start=\"2303\" data-end=\"2329\"><strong data-start=\"2303\" data-end=\"2327\">Vestiaire gratuit<\/strong><\/p>\n<\/li>\n<li data-start=\"2330\" data-end=\"2363\">\n<p data-start=\"2332\" data-end=\"2363\">Sp\u00e9cial <strong data-start=\"2343\" data-end=\"2363\">Groupe VIP du festival<\/strong><\/p>\n<\/li>\n<\/ul>\n<p data-start=\"2365\" data-end=\"2540\">Le billet VIP t'offre le confort, la vue d'ensemble et le petit plus pour ton exp\u00e9rience TMF - parfait pour les groupes, les occasions sp\u00e9ciales ou simplement lorsque tu veux te faire plaisir davantage.<\/p>\n<hr data-start=\"2542\" data-end=\"2545\" \/>\n<h3 data-start=\"2547\" data-end=\"2603\">\ud83d\udd13 <strong data-start=\"2554\" data-end=\"2603\">R\u00e9servez la phase 2 maintenant - limit\u00e9e &amp; moins ch\u00e8re<\/strong><\/h3>\n<p data-start=\"2605\" data-end=\"2756\">Tu b\u00e9n\u00e9ficies actuellement des prix de la deuxi\u00e8me phase de vente r\u00e9guli\u00e8re.<br data-start=\"2667\" data-end=\"2670\" \/><br data-start=\"2790\" data-end=\"2793\" \/><strong data-start=\"2793\" data-end=\"2844\">R\u00e9serve d\u00e8s maintenant ton billet pour le TMF 2026.<\/strong><\/p>\n<\/div>\n<\/div>\n<\/div>","protected":false},"excerpt":{"rendered":"<p>Trier Music Festival 2026 - Le plus grand festival indoor de Rh\u00e9nanie-Palatinat Le samedi 14 mars 2026, le parc des expositions de Tr\u00e8ves sera \u00e0 nouveau le point de rencontre des fans de musique \u00e9lectronique plus dure. Hardstyle, rawstyle, uptempo et party hardstyle - le TMF r\u00e9unit toutes les facettes de la sc\u00e8ne harddance sur une m\u00eame sc\u00e8ne et cr\u00e9e une exp\u00e9rience unique de son, de lumi\u00e8re et...<\/p>","protected":false},"author":1,"featured_media":31571,"comment_status":"open","ping_status":"closed","template":"","meta":{"_kadence_starter_templates_imported_post":false,"_kad_post_transparent":"default","_kad_post_title":"","_kad_post_layout":"default","_kad_post_sidebar_id":"","_kad_post_content_style":"default","_kad_post_vertical_padding":"default","_kad_post_feature":"","_kad_post_feature_position":"","_kad_post_header":false,"_kad_post_footer":false,"_kad_post_classname":""},"product_brand":[],"product_cat":[51],"product_tag":[71,69,72,74,70],"class_list":{"0":"post-22843","1":"product","2":"type-product","3":"status-publish","4":"has-post-thumbnail","6":"product_cat-tmf-festival","7":"product_tag-elektro","8":"product_tag-festival","9":"product_tag-hardstyle","10":"product_tag-techno","11":"product_tag-trier","13":"first","14":"outofstock","15":"taxable","16":"shipping-taxable","17":"purchasable","18":"product-type-variable","19":"entry","20":"content-bg","21":"loop-entry"},"jetpack_sharing_enabled":true,"_links":{"self":[{"href":"https:\/\/skyrocketticketing.de\/fr\/wp-json\/wp\/v2\/product\/22843","targetHints":{"allow":["GET"]}}],"collection":[{"href":"https:\/\/skyrocketticketing.de\/fr\/wp-json\/wp\/v2\/product"}],"about":[{"href":"https:\/\/skyrocketticketing.de\/fr\/wp-json\/wp\/v2\/types\/product"}],"author":[{"embeddable":true,"href":"https:\/\/skyrocketticketing.de\/fr\/wp-json\/wp\/v2\/users\/1"}],"replies":[{"embeddable":true,"href":"https:\/\/skyrocketticketing.de\/fr\/wp-json\/wp\/v2\/comments?post=22843"}],"wp:featuredmedia":[{"embeddable":true,"href":"https:\/\/skyrocketticketing.de\/fr\/wp-json\/wp\/v2\/media\/31571"}],"wp:attachment":[{"href":"https:\/\/skyrocketticketing.de\/fr\/wp-json\/wp\/v2\/media?parent=22843"}],"wp:term":[{"taxonomy":"product_brand","embeddable":true,"href":"https:\/\/skyrocketticketing.de\/fr\/wp-json\/wp\/v2\/product_brand?post=22843"},{"taxonomy":"product_cat","embeddable":true,"href":"https:\/\/skyrocketticketing.de\/fr\/wp-json\/wp\/v2\/product_cat?post=22843"},{"taxonomy":"product_tag","embeddable":true,"href":"https:\/\/skyrocketticketing.de\/fr\/wp-json\/wp\/v2\/product_tag?post=22843"}],"curies":[{"name":"wp","href":"https:\/\/api.w.org\/{rel}","templated":true}]}}