{"id":2149,"date":"2023-05-16T16:57:27","date_gmt":"2023-05-16T14:57:27","guid":{"rendered":"https:\/\/skyrocketticketing.de\/?post_type=product&#038;p=2149"},"modified":"2024-02-04T23:16:44","modified_gmt":"2024-02-04T22:16:44","slug":"von-othegraven-rockt-vol-2-e-ticket-open-air-im-park-mit-akku-stikk-kanzem-freitag-14-07-23","status":"publish","type":"product","link":"https:\/\/skyrocketticketing.de\/fr\/produit\/von-othegraven-rockt-vol-2-e-ticket-open-air-im-park-mit-akku-stikk-kanzem-freitag-14-07-23\/","title":{"rendered":"Von Othegraven ROCKT Vol. 2 - Billet \u00e9lectronique \/ Open Air dans le parc avec Akku-Stikk \/ Kanzem \/ Vendredi 14\/07\/23"},"content":{"rendered":"<p>Von Othegraven Rockt - Une exp\u00e9rience en plein air dans le parc avec Akku-Stikk<\/p>\n<p>Nous t'invitons cordialement \u00e0 une soir\u00e9e inoubliable, pleine de musique live entra\u00eenante, de vins d\u00e9licieux, de plaisirs culinaires et d'une atmosph\u00e8re enchanteresse dans le jardin paysager anglais du domaine viticole Von Othegraven.<\/p>\n<p>Qu'est-ce qui t'attend ?<\/p>\n<p>\ud83c\udfb8Musique live pleine d'ambiance : laisse-toi s\u00e9duire et envo\u00fbter par la performance \u00e9nergique d'Akku-Stikk.<br \/>\n\ud83e\udd42Meilleurs vins Othegraven : profite d'une s\u00e9lection exclusive de vins de premi\u00e8re qualit\u00e9 en provenance directe du domaine.<br \/>\n\ud83e\udd51De la bonne nourriture : Le catering est assur\u00e9 par Aom Ecken de Tr\u00e8ves, dont les plats raviront les papilles.<br \/>\n\ud83c\udf33Tr\u00e8s bonne ambiance dans le jardin paysager anglais : plonge-toi dans le d\u00e9cor pittoresque du parc et profite de la soir\u00e9e dans une ambiance idyllique.<br \/>\n\ud83e\udd35\ud83c\udffc\u200d\u2642\ufe0fEuer H\u00f4te : G\u00fcnther Jauch - Le c\u00e9l\u00e8bre pr\u00e9sentateur TV et amateur de vin vous guidera personnellement tout au long de la soir\u00e9e et assurera le meilleur divertissement.<\/p>\n<p>Entr\u00e9e : \u00e0 partir de 17h30<br \/>\nAkku-Stikk : \u00e0 partir de 19:00 heures<\/p>\n<p>\ud83d\ude85Acc\u00e8s en train recommand\u00e9 :<br \/>\nNous te recommandons de venir en train. La ligne de train RB71 circule toutes les heures au d\u00e9part de Sarrebruck et de Tr\u00e8ves. L'arr\u00eat Kanzem se trouve \u00e0 seulement 200 m\u00e8tres du domaine viticole, ce qui te permet d'atteindre facilement le lieu de la manifestation \u00e0 pied.<\/p>\n<p>Adresse :<br \/>\nRoute du vin 1, 54441 Kanzem<\/p>\n<p>Les billets sont disponibles en ligne et au domaine viticole Von Othegraven. R\u00e9servez votre billet d\u00e8s maintenant et vivez une soir\u00e9e inoubliable de musique, de vin et de plaisir !<\/p>\n<p>FAQ - Von Othegraven ROCKT \/ Open Air dans le parc avec Akku-Stikk<\/p>\n<p>Q : Quelles sont les possibilit\u00e9s de s'asseoir lors de l'\u00e9v\u00e9nement ?<br \/>\nR : Des stands de bi\u00e8re et des tables hautes seront disponibles en nombre limit\u00e9.<\/p>\n<p>Q : Comment est-il recommand\u00e9 de se rendre sur place ?<br \/>\nR : Il est recommand\u00e9 de venir en train, en particulier la ligne de train RB71.<\/p>\n<p>Q : Y a-t-il des possibilit\u00e9s de stationnement sur place ?<br \/>\nR : Il y a des possibilit\u00e9s de parking limit\u00e9es au domaine viticole et au terrain de sport. Le parking<br \/>\nsur le chemin d'acc\u00e8s au domaine viticole est toutefois interdite.<\/p>\n<p>Q : La nourriture et les boissons sont-elles comprises dans le prix du billet ?<br \/>\nR : Non, la nourriture et les boissons ne sont pas comprises dans le prix du billet et peuvent \u00eatre achet\u00e9es sur place.<\/p>\n<p>Q : Les enfants de moins de 14 ans ont-ils besoin d'un billet ?<br \/>\nR : Non, les enfants de moins de 14 ans n'ont pas besoin de billet et l'entr\u00e9e est gratuite.<\/p>\n<p>Q : Y aura-t-il une consigne sur les verres ?<br \/>\nR : Oui, une consigne est pr\u00e9lev\u00e9e sur les verres.<\/p>\n<p>Q : O\u00f9 puis-je trouver la billetterie ?<br \/>\nR : Tu trouveras la boutique de billets en cliquant sur le lien suivant : [ins\u00e9rer le lien du Ticket Shop]<\/p>\n<p>Q : Puis-je acheter des billets en papier au domaine ?<br \/>\nR : Oui, il est \u00e9galement possible d'acheter des tickets papier (couverture rigide) au domaine.<\/p>\n<p>Q : Qui s'occupe de la restauration ?<br \/>\nR : Le service de restauration est assur\u00e9 par Aom Ecken de Tr\u00e8ves.<\/p>\n<p>Q : Y a-t-il un code vestimentaire pour l'\u00e9v\u00e9nement ?<br \/>\nR : Non, il n'y a pas de code vestimentaire.<\/p>\n<p>Q : Puis-je r\u00e9server une table ?<br \/>\nR : Non, les r\u00e9servations de table ne sont pas possibles.<\/p>\n<p>Q : Un contr\u00f4le des sacs est-il effectu\u00e9 \u00e0 l'entr\u00e9e ?<br \/>\nR : Oui, un contr\u00f4le des sacs est effectu\u00e9 \u00e0 l'entr\u00e9e par le service de s\u00e9curit\u00e9.<\/p>\n<p>Q : Les chiens sont-ils admis \u00e0 l'\u00e9v\u00e9nement ?<br \/>\nR : Il n'est pas recommand\u00e9 d'amener des chiens \u00e0 l'\u00e9v\u00e9nement, car de nombreuses personnes sont en train de se promener devant l'entr\u00e9e.<br \/>\nLes personnes qui seront sur place et dont le volume sonore sera \u00e9lev\u00e9 en raison du concert.<\/p>\n<p>Q : Quels sont les objets autoris\u00e9s ou interdits ?<br \/>\nR : Les objets autoris\u00e9s sont les sacs \u00e0 main, les sacs \u00e0 dos, le mat\u00e9riel de soins, les m\u00e9dicaments,<br \/>\nles parapluies, etc. Toute forme d'arme est interdite.<\/p>\n<p>Q : Comment puis-je poser des questions sur l'\u00e9v\u00e9nement ?<br \/>\nR : Veuillez envoyer un e-mail avec vos questions \u00e0 fragen@vonothegraven-rockt.de. Nous aidons<br \/>\nte renseigneront volontiers. Veuillez noter que les questions ne peuvent pas \u00eatre pos\u00e9es par t\u00e9l\u00e9phone au domaine.<br \/>\ndevraient.<\/p>\n<p>Remarque : les FAQ sont fournies \u00e0 titre indicatif et peuvent \u00eatre modifi\u00e9es. Veuillez consulter<br \/>\ninforme-toi sur les informations actuelles avant l'\u00e9v\u00e9nement. Pour toute question, contacte<br \/>\nveuillez nous contacter par e-mail \u00e0 l'adresse fragen@vonothegraven-rockt.de.<\/p>","protected":false},"excerpt":{"rendered":"<p style=\"font-weight: 400;\">Von Othegraven Rockt<\/p>\n<p style=\"font-weight: 400;\">Qu'est-ce qui t'attend ?<br \/>\n\ud83c\udfb8Musique live d'ambiance (Akku-Stikk)<br \/>\n\ud83e\udd42Les meilleurs vins d'Othegraven<br \/>\n\ud83e\udd51Bonne nourriture<br \/>\n\ud83c\udf33Tr\u00e8s bonne ambiance dans le jardin paysager anglais<br \/>\n\ud83e\udd35\ud83c\udffc\u200d\u2642\ufe0fEuer H\u00f4te : G\u00fcnther Jauch<\/p>","protected":false},"author":1,"featured_media":2153,"comment_status":"closed","ping_status":"closed","template":"","meta":{"_kadence_starter_templates_imported_post":false,"_kad_post_transparent":"","_kad_post_title":"","_kad_post_layout":"","_kad_post_sidebar_id":"","_kad_post_content_style":"","_kad_post_vertical_padding":"","_kad_post_feature":"","_kad_post_feature_position":"","_kad_post_header":false,"_kad_post_footer":false,"_kad_post_classname":""},"product_brand":[],"product_cat":[16],"product_tag":[19,18,17],"class_list":{"0":"post-2149","1":"product","2":"type-product","3":"status-publish","4":"has-post-thumbnail","6":"product_cat-tickets-weinmarketing-trier-gbr","7":"product_tag-weinfest","8":"product_tag-weinfest-trier","9":"product_tag-winefever","11":"first","12":"outofstock","13":"downloadable","14":"virtual","15":"taxable","16":"purchasable","17":"product-type-simple","18":"entry","19":"content-bg","20":"loop-entry"},"jetpack_sharing_enabled":true,"_links":{"self":[{"href":"https:\/\/skyrocketticketing.de\/fr\/wp-json\/wp\/v2\/product\/2149","targetHints":{"allow":["GET"]}}],"collection":[{"href":"https:\/\/skyrocketticketing.de\/fr\/wp-json\/wp\/v2\/product"}],"about":[{"href":"https:\/\/skyrocketticketing.de\/fr\/wp-json\/wp\/v2\/types\/product"}],"author":[{"embeddable":true,"href":"https:\/\/skyrocketticketing.de\/fr\/wp-json\/wp\/v2\/users\/1"}],"replies":[{"embeddable":true,"href":"https:\/\/skyrocketticketing.de\/fr\/wp-json\/wp\/v2\/comments?post=2149"}],"wp:featuredmedia":[{"embeddable":true,"href":"https:\/\/skyrocketticketing.de\/fr\/wp-json\/wp\/v2\/media\/2153"}],"wp:attachment":[{"href":"https:\/\/skyrocketticketing.de\/fr\/wp-json\/wp\/v2\/media?parent=2149"}],"wp:term":[{"taxonomy":"product_brand","embeddable":true,"href":"https:\/\/skyrocketticketing.de\/fr\/wp-json\/wp\/v2\/product_brand?post=2149"},{"taxonomy":"product_cat","embeddable":true,"href":"https:\/\/skyrocketticketing.de\/fr\/wp-json\/wp\/v2\/product_cat?post=2149"},{"taxonomy":"product_tag","embeddable":true,"href":"https:\/\/skyrocketticketing.de\/fr\/wp-json\/wp\/v2\/product_tag?post=2149"}],"curies":[{"name":"wp","href":"https:\/\/api.w.org\/{rel}","templated":true}]}}