{"id":20773,"date":"2025-02-15T14:25:21","date_gmt":"2025-02-15T13:25:21","guid":{"rendered":"https:\/\/skyrocketticketing.de\/?post_type=product&#038;p=20773"},"modified":"2025-08-17T17:26:04","modified_gmt":"2025-08-17T15:26:04","slug":"winefever-2025-e-ticket","status":"publish","type":"product","link":"https:\/\/skyrocketticketing.de\/fr\/produit\/winefever-2025-e-ticket\/","title":{"rendered":"Winefever 2025 - Billet \u00e9lectronique"},"content":{"rendered":"<p class=\"\" data-start=\"152\" data-end=\"219\"><strong data-start=\"152\" data-end=\"217\">WineFever Trier 2025 - Le d\u00e9but de la saison des concerts en plein air ! \ud83c\udf77\ud83c\udfb6<\/strong><\/p>\n<p class=\"\" data-start=\"221\" data-end=\"471\">De <strong data-start=\"225\" data-end=\"249\">22 au 24 mai 2025<\/strong> se transforme en <strong data-start=\"270\" data-end=\"290\">Brunnenhof Tr\u00e8ves<\/strong> en une oasis pleine d'ambiance pour les amateurs de vin, les fans de musique et les gourmets. Le site <strong data-start=\"373\" data-end=\"397\">WineFever Tr\u00e8ves 2025<\/strong> vous invite \u00e0 f\u00eater la saison en plein air dans une atmosph\u00e8re unique !<\/p>\n<p class=\"\" data-start=\"473\" data-end=\"630\">\ud83c\udf9f <strong data-start=\"476\" data-end=\"521\">Ouverture de la pr\u00e9vente : 22.02.2025 \u00e0 15:00 heures<\/strong><br data-start=\"521\" data-end=\"524\" \/>\ud83d\udccd <strong data-start=\"527\" data-end=\"548\">Brunnenhof, Tr\u00e8ves<\/strong><br data-start=\"548\" data-end=\"551\" \/>\ud83c\udf77 <strong data-start=\"554\" data-end=\"630\">Vin, cocktails &amp; bi\u00e8re | Musique live sur grande sc\u00e8ne | Convivialit\u00e9 \u00e0 l'\u00e9tat pur !<\/strong><\/p>\n<hr class=\"\" data-start=\"632\" data-end=\"635\" \/>\n<h3 class=\"\" data-start=\"637\" data-end=\"665\"><strong data-start=\"641\" data-end=\"663\">Ce qui vous attend<\/strong><\/h3>\n<p class=\"\" data-start=\"667\" data-end=\"1055\">\ud83c\udf77 <strong data-start=\"670\" data-end=\"688\">Vins de choix<\/strong> - R\u00e9jouissez-vous de d\u00e9couvrir les meilleurs domaines viticoles comme <strong data-start=\"724\" data-end=\"802\">Beckers, Deutschherrenhof, Vereinigte Hospitien, Weingut F\u00fcrst, Van Volxem<\/strong> - tous repr\u00e9sent\u00e9s par leur propre stand - ainsi qu'un <strong data-start=\"852\" data-end=\"888\">stand de vin WineFever suppl\u00e9mentaire<\/strong> avec un changement de vin.<br data-start=\"912\" data-end=\"915\" \/>\ud83c\udf7d <strong data-start=\"918\" data-end=\"945\">Temps forts culinaires<\/strong> - Des plats d\u00e9licieux de <strong data-start=\"968\" data-end=\"982\">Dian 18Zwo<\/strong>.<br data-start=\"983\" data-end=\"986\" \/>\ud83c\udf79 <strong data-start=\"989\" data-end=\"1010\">Plus que du vin<\/strong> - Aussi <strong data-start=\"1018\" data-end=\"1040\">Bi\u00e8re et cocktails<\/strong> vous attendent !<\/p>\n<hr class=\"\" data-start=\"1057\" data-end=\"1060\" \/>\n<h3 class=\"\" data-start=\"1062\" data-end=\"1131\"><strong data-start=\"1066\" data-end=\"1129\">\ud83c\udfb6 Musique live sur une grande sc\u00e8ne \u00e0 l'ombre de la Porta Nigra :<\/strong><\/h3>\n<p class=\"\" data-start=\"1132\" data-end=\"1366\">\ud83d\udd25 <strong data-start=\"1135\" data-end=\"1159\">Jeudi 22 mai :<\/strong> Afterwork meets the only wine bachelor of Germany with DJ AlexM<br data-start=\"1227\" data-end=\"1230\" \/>\ud83c\udfb8 <strong data-start=\"1233\" data-end=\"1254\">Vendredi 23 mai :<\/strong> <strong data-start=\"1255\" data-end=\"1269\">24e cadre<\/strong> - musique live entra\u00eenante<br data-start=\"1294\" data-end=\"1297\" \/>\ud83c\udfb5 <strong data-start=\"1300\" data-end=\"1321\">Samedi 24 mai :<\/strong> <strong data-start=\"1322\" data-end=\"1336\">Batterie Stikk<\/strong> - une performance pleine d'\u00e9nergie<\/p>\n<hr class=\"\" data-start=\"1368\" data-end=\"1371\" \/>\n<h3 class=\"\" data-start=\"1373\" data-end=\"1402\"><strong data-start=\"1377\" data-end=\"1400\">Admission &amp; entr\u00e9e :<\/strong><\/h3>\n<p class=\"\" data-start=\"1403\" data-end=\"1444\">\u23f0 <strong data-start=\"1405\" data-end=\"1444\">Entr\u00e9e tous les jours \u00e0 partir de 17h30<\/strong><\/p>\n<p class=\"\" data-start=\"1446\" data-end=\"1471\">\ud83d\udcb6 <strong data-start=\"1449\" data-end=\"1469\">Prix d'entr\u00e9e :<\/strong><\/p>\n<ul data-start=\"1472\" data-end=\"1757\">\n<li class=\"\" data-start=\"1472\" data-end=\"1585\">\n<p class=\"\" data-start=\"1474\" data-end=\"1585\"><strong data-start=\"1474\" data-end=\"1497\">Jeudi 22 mai :<\/strong> Prix \u00e0 communiquer (entr\u00e9e gratuite possible gr\u00e2ce au sponsoring)<\/p>\n<\/li>\n<li class=\"\" data-start=\"1586\" data-end=\"1640\">\n<p class=\"\" data-start=\"1588\" data-end=\"1640\"><strong data-start=\"1588\" data-end=\"1608\">Vendredi 23 mai :<\/strong> VVK <strong data-start=\"1613\" data-end=\"1623\">8,00 \u20ac<\/strong> (frais en sus)<\/p>\n<\/li>\n<li class=\"\" data-start=\"1641\" data-end=\"1695\">\n<p class=\"\" data-start=\"1643\" data-end=\"1695\"><strong data-start=\"1643\" data-end=\"1663\">Samedi 24 mai :<\/strong> VVK <strong data-start=\"1668\" data-end=\"1678\">8,00 \u20ac<\/strong> (frais en sus)<\/p>\n<\/li>\n<li class=\"\" data-start=\"1696\" data-end=\"1757\">\n<p class=\"\" data-start=\"1698\" data-end=\"1757\"><strong data-start=\"1698\" data-end=\"1726\">Billet combin\u00e9 pour ven &amp; sam<\/strong> VVK <strong data-start=\"1731\" data-end=\"1742\">14,00 \u20ac<\/strong> (frais en sus)<\/p>\n<\/li>\n<\/ul>\n<hr class=\"\" data-start=\"1759\" data-end=\"1762\" \/>\n<p class=\"\" data-start=\"1764\" data-end=\"1849\">\ud83d\uded1 <strong data-start=\"1767\" data-end=\"1806\">Avec l'aimable soutien de :<\/strong><br data-start=\"1806\" data-end=\"1809\" \/><strong data-start=\"1809\" data-end=\"1828\">Caisse d'\u00e9pargne de Tr\u00e8ves<\/strong> &amp; <strong data-start=\"1831\" data-end=\"1849\">Contempi Tr\u00e8ves<\/strong><\/p>\n<p class=\"\" data-start=\"1851\" data-end=\"2020\">\ud83c\udf9f <strong data-start=\"1854\" data-end=\"1886\">R\u00e9servez vos billets d\u00e8s maintenant au<\/strong><br data-start=\"1886\" data-end=\"1889\" \/>\ud83d\udc49 <a class=\"\" href=\"https:\/\/skyrocketticketing.de\/fr\/produit\/winefever-2025-e-ticket\/\" target=\"_new\" rel=\"noopener\" data-start=\"1892\" data-end=\"2020\">https:\/\/skyrocketticketing.de\/produkt\/winefever-2025-e-ticket\/<\/a><\/p>\n<p class=\"\" data-start=\"2022\" data-end=\"2133\">Portons ensemble un toast \u00e0 l'\u00e9t\u00e9 - avec de la grande musique, du bon vin et une excellente compagnie ! \ud83c\udf77\ud83c\udfb6<\/p>","protected":false},"excerpt":{"rendered":"<p>Winefever 2025 - Billet \u00e9lectronique<\/p>\n<p>\ud83c\udfb8Des live acts pleins d'ambiance (DJ, 24th Frame, Akku-Stikk)<br \/>\n\ud83e\udd426 stands de vins r\u00e9gionaux (Beckers, Deutschherrenhof, Van Volxem, Vereinigte Hospitien, Weingut F\u00fcrst et WineFever)<br \/>\n\ud83e\udd51Stand de nourriture (organis\u00e9 par Dian 18Zwo)<br \/>\n\ud83c\udf33Une atmosph\u00e8re tranquille dans la cour de la fontaine<\/p>","protected":false},"author":1,"featured_media":20777,"comment_status":"closed","ping_status":"closed","template":"","meta":{"_kadence_starter_templates_imported_post":false,"_kad_post_transparent":"","_kad_post_title":"","_kad_post_layout":"","_kad_post_sidebar_id":"","_kad_post_content_style":"","_kad_post_vertical_padding":"","_kad_post_feature":"","_kad_post_feature_position":"","_kad_post_header":false,"_kad_post_footer":false,"_kad_post_classname":""},"product_brand":[],"product_cat":[16],"product_tag":[19,18,17],"class_list":{"0":"post-20773","1":"product","2":"type-product","3":"status-publish","4":"has-post-thumbnail","6":"product_cat-tickets-weinmarketing-trier-gbr","7":"product_tag-weinfest","8":"product_tag-weinfest-trier","9":"product_tag-winefever","11":"first","12":"instock","13":"taxable","14":"shipping-taxable","15":"purchasable","16":"product-type-variable","17":"entry","18":"content-bg","19":"loop-entry"},"jetpack_sharing_enabled":true,"_links":{"self":[{"href":"https:\/\/skyrocketticketing.de\/fr\/wp-json\/wp\/v2\/product\/20773","targetHints":{"allow":["GET"]}}],"collection":[{"href":"https:\/\/skyrocketticketing.de\/fr\/wp-json\/wp\/v2\/product"}],"about":[{"href":"https:\/\/skyrocketticketing.de\/fr\/wp-json\/wp\/v2\/types\/product"}],"author":[{"embeddable":true,"href":"https:\/\/skyrocketticketing.de\/fr\/wp-json\/wp\/v2\/users\/1"}],"replies":[{"embeddable":true,"href":"https:\/\/skyrocketticketing.de\/fr\/wp-json\/wp\/v2\/comments?post=20773"}],"wp:featuredmedia":[{"embeddable":true,"href":"https:\/\/skyrocketticketing.de\/fr\/wp-json\/wp\/v2\/media\/20777"}],"wp:attachment":[{"href":"https:\/\/skyrocketticketing.de\/fr\/wp-json\/wp\/v2\/media?parent=20773"}],"wp:term":[{"taxonomy":"product_brand","embeddable":true,"href":"https:\/\/skyrocketticketing.de\/fr\/wp-json\/wp\/v2\/product_brand?post=20773"},{"taxonomy":"product_cat","embeddable":true,"href":"https:\/\/skyrocketticketing.de\/fr\/wp-json\/wp\/v2\/product_cat?post=20773"},{"taxonomy":"product_tag","embeddable":true,"href":"https:\/\/skyrocketticketing.de\/fr\/wp-json\/wp\/v2\/product_tag?post=20773"}],"curies":[{"name":"wp","href":"https:\/\/api.w.org\/{rel}","templated":true}]}}