{"id":13752,"date":"2024-08-28T13:05:58","date_gmt":"2024-08-28T11:05:58","guid":{"rendered":"https:\/\/skyrocketticketing.de\/?post_type=product&#038;p=13752"},"modified":"2024-10-17T02:31:13","modified_gmt":"2024-10-17T00:31:13","slug":"vino2024","status":"publish","type":"product","link":"https:\/\/skyrocketticketing.de\/fr\/produit\/vino2024\/","title":{"rendered":"Vino Vibrations by WineFever Tr\u00e8ves \ud83c\udf47 Open Air Closing 2024 - Brunnenhof B\u00fchne Tr\u00e8ves 05\/10\/24"},"content":{"rendered":"<p><strong>\ud83c\udf47 Vino Vibrations by WineFever Trier \ud83c\udf77<\/strong><\/p>\n<p><strong>Quand ?<\/strong> 05.10.2024<br \/>\n<strong>O\u00f9 ?<\/strong> Dans l'authentique Brunnenhof de Tr\u00e8ves<br \/>\n<strong>Admission ?<\/strong> \u00c0 partir de 17h00<\/p>\n<p>Rejoignez-nous pour cl\u00f4turer en beaut\u00e9 la saison en plein air 2024 \u00e0 Tr\u00e8ves. C'est LE rendez-vous des amateurs de vin, des amis des \u00e9v\u00e9nements de Tr\u00e8ves et de tous ceux qui veulent vivre une nuit inoubliable.<\/p>\n<p><strong>Qu'est-ce qui vous attend ?<\/strong><\/p>\n<ul>\n<li>\ud83c\udfb8 Musique live de <em>SingOutLoud<\/em> - connu entre autres de la f\u00eate du vin d'Olewig et de la f\u00eate de la vieille ville.<\/li>\n<li>\ud83e\udd42 S\u00e9lection de vins exquis provenant exclusivement de vignobles r\u00e9gionaux. Plus d'informations sur les vins suivront bient\u00f4t !<\/li>\n<li>\ud83e\udd58 Des plats r\u00e9gionaux qui se marient parfaitement avec un verre de vin.<\/li>\n<li>\ud83c\udf7b Des cocktails \u00e0 base de vin et une s\u00e9lection d'autres boissons pour ceux qui veulent varier les plaisirs.<\/li>\n<\/ul>\n<p><strong>Des billets ?<\/strong><\/p>\n<ul>\n<li>\ud83c\udfab Pr\u00e9vente : 8,00\u20ac plus frais de pr\u00e9vente<\/li>\n<li>\ud83d\udeaa Caisse du soir : 10,00\u20ac<\/li>\n<\/ul>\n<p>Con\u00e7u par les t\u00eates cr\u00e9atives derri\u00e8re WineFever Trier, cet \u00e9v\u00e9nement promet de combiner musique r\u00e9gionale, vin et gastronomie. Et restez \u00e0 l'\u00e9coute, car des annonces passionnantes concernant les sponsors et les partenaires suivront sous peu !<\/p>\n<p>Alors, marquez la date et invitez vos amis \u00e0 se joindre \u00e0 nous pour dire dignement adieu \u00e0 la saison des vins. \ud83e\udd42\ud83c\udf89<\/p>","protected":false},"excerpt":{"rendered":"<p><strong>\ud83c\udf47 Vino Vibrations by WineFever Trier \ud83c\udf77<\/strong><\/p>\n<p><strong>Quand ?<\/strong> 05.10.2024<br \/>\n<strong>O\u00f9 ?<\/strong> Dans l'authentique Brunnenhof de Tr\u00e8ves<br \/>\n<strong>Admission ?<\/strong> \u00c0 partir de 17h00<\/p>\n<p>Rejoignez-nous pour cl\u00f4turer en beaut\u00e9 la saison en plein air 2024 \u00e0 Tr\u00e8ves. C'est LE rendez-vous des amateurs de vin, des amis des \u00e9v\u00e9nements de Tr\u00e8ves et de tous ceux qui veulent vivre une nuit inoubliable.<\/p>\n<p><strong>Qu'est-ce qui vous attend ?<\/strong><\/p>\n<ul>\n<li>\ud83c\udfb8 Musique live de <em>SingOutLoud<\/em> - connu entre autres de la f\u00eate du vin d'Olewig et de la f\u00eate de la vieille ville.<\/li>\n<li>\ud83e\udd42 S\u00e9lection de vins exquis provenant exclusivement de vignobles r\u00e9gionaux. Plus d'informations sur les vins suivront bient\u00f4t !<\/li>\n<li>\ud83e\udd58 Des plats r\u00e9gionaux qui se marient parfaitement avec un verre de vin.<\/li>\n<li>\ud83c\udf7b Des cocktails \u00e0 base de vin et une s\u00e9lection d'autres boissons pour ceux qui veulent varier les plaisirs.<\/li>\n<\/ul>","protected":false},"author":1,"featured_media":13753,"comment_status":"closed","ping_status":"closed","template":"","meta":{"_kadence_starter_templates_imported_post":false,"_kad_post_transparent":"","_kad_post_title":"","_kad_post_layout":"","_kad_post_sidebar_id":"","_kad_post_content_style":"","_kad_post_vertical_padding":"","_kad_post_feature":"","_kad_post_feature_position":"","_kad_post_header":false,"_kad_post_footer":false,"_kad_post_classname":""},"product_brand":[],"product_cat":[16],"product_tag":[19,18,17],"class_list":{"0":"post-13752","1":"product","2":"type-product","3":"status-publish","4":"has-post-thumbnail","6":"product_cat-tickets-weinmarketing-trier-gbr","7":"product_tag-weinfest","8":"product_tag-weinfest-trier","9":"product_tag-winefever","11":"first","12":"instock","13":"downloadable","14":"virtual","15":"taxable","16":"purchasable","17":"product-type-simple","18":"entry","19":"content-bg","20":"loop-entry"},"jetpack_sharing_enabled":true,"_links":{"self":[{"href":"https:\/\/skyrocketticketing.de\/fr\/wp-json\/wp\/v2\/product\/13752","targetHints":{"allow":["GET"]}}],"collection":[{"href":"https:\/\/skyrocketticketing.de\/fr\/wp-json\/wp\/v2\/product"}],"about":[{"href":"https:\/\/skyrocketticketing.de\/fr\/wp-json\/wp\/v2\/types\/product"}],"author":[{"embeddable":true,"href":"https:\/\/skyrocketticketing.de\/fr\/wp-json\/wp\/v2\/users\/1"}],"replies":[{"embeddable":true,"href":"https:\/\/skyrocketticketing.de\/fr\/wp-json\/wp\/v2\/comments?post=13752"}],"wp:featuredmedia":[{"embeddable":true,"href":"https:\/\/skyrocketticketing.de\/fr\/wp-json\/wp\/v2\/media\/13753"}],"wp:attachment":[{"href":"https:\/\/skyrocketticketing.de\/fr\/wp-json\/wp\/v2\/media?parent=13752"}],"wp:term":[{"taxonomy":"product_brand","embeddable":true,"href":"https:\/\/skyrocketticketing.de\/fr\/wp-json\/wp\/v2\/product_brand?post=13752"},{"taxonomy":"product_cat","embeddable":true,"href":"https:\/\/skyrocketticketing.de\/fr\/wp-json\/wp\/v2\/product_cat?post=13752"},{"taxonomy":"product_tag","embeddable":true,"href":"https:\/\/skyrocketticketing.de\/fr\/wp-json\/wp\/v2\/product_tag?post=13752"}],"curies":[{"name":"wp","href":"https:\/\/api.w.org\/{rel}","templated":true}]}}