{"id":13242,"date":"2024-08-20T02:06:32","date_gmt":"2024-08-20T00:06:32","guid":{"rendered":"https:\/\/skyrocketticketing.de\/?post_type=product&#038;p=13242"},"modified":"2025-03-26T13:57:01","modified_gmt":"2025-03-26T12:57:01","slug":"tmf","status":"publish","type":"product","link":"https:\/\/skyrocketticketing.de\/fr\/produit\/tmf\/","title":{"rendered":"TMF - Trier Music Festival 2025 - 22.03.2025"},"content":{"rendered":"<div class=\"flex-shrink-0 flex flex-col relative items-end\">\n<div class=\"pt-0\">\n<div class=\"gizmo-bot-avatar flex h-8 w-8 items-center justify-center overflow-hidden rounded-full\"><strong style=\"font-size: 1.618em;\">Bienvenue sur la billetterie du TMF - Trier Music Festival 2025 !<\/strong><\/div>\n<\/div>\n<\/div>\n<p><strong>\ud83d\udccd lieu :<\/strong> Parc des expositions de Tr\u00e8ves<br \/>\n<strong>\ud83d\udcc5 Date :<\/strong> 22 mars 2025<\/p>\n<p>Venez d\u00e9couvrir les meilleurs artistes internationaux de la sc\u00e8ne musicale \u00e9lectronique sur une sc\u00e8ne enti\u00e8rement refaite et dot\u00e9e d'une technologie de pointe.<\/p>\n<h3><strong>Nos t\u00eates d'affiche :<\/strong><\/h3>\n<p>Nous commen\u00e7ons la saison avec un bang !<\/p>\n<p>\ud83c\udfa7 <strong>T\u00eate d'affiche :<\/strong><\/p>\n<ul>\n<li><strong>Da Tweekaz<\/strong> - Le duo dynamique de Norv\u00e8ge, connu pour ses sets hardstyle \u00e9nergiques et ses hits comme <em>\"J\u00e4germeister\"<\/em> et <em>\"Moscou\"<\/em>.<\/li>\n<li><strong>Rebelion b2b Warface<\/strong> - Deux des plus grands noms de la sc\u00e8ne hardstyle unissent leurs forces pour un set B2B \u00e9pique.<\/li>\n<\/ul>\n<p>\ud83c\udfb8 <strong>Co-t\u00eate d'affiche :<\/strong><\/p>\n<ul>\n<li><strong>STVW<\/strong> - Pr\u00e9parez-vous \u00e0 une performance explosive : Premi\u00e8re mondiale de son tout nouveau spectacle live.<\/li>\n<li><strong>AXMO<\/strong> - De retour \u00e0 Tr\u00e8ves avec leurs morceaux entra\u00eenants comme <em>\"If I Die Young\"<\/em> et <em>\"Heaven Is A Place On Earth\"<\/em>.<\/li>\n<\/ul>\n<p>\ud83c\udfb5 <strong>DJ r\u00e9sident :<\/strong><\/p>\n<ul>\n<li><strong>Jack<\/strong> - Connu pour son tube <em>\"Goutte de calamar\"<\/em> avec Maxtreme.<\/li>\n<li><strong>Crazy-C<\/strong> - Notre Local Hero, qui vous enchantera avec son son inimitable.<\/li>\n<\/ul>\n<h3><strong>Informations sur les billets<\/strong><\/h3>\n<p><strong>Billets standard<\/strong><br \/>\nPermettent un acc\u00e8s complet \u00e0 toutes les zones du festival (sauf la tribune VIP). Profite de l'exp\u00e9rience compl\u00e8te du festival avec toutes les repr\u00e9sentations et activit\u00e9s.<\/p>\n<p><strong>Billets VIP<\/strong><br \/>\nVivez le festival avec des commodit\u00e9s exclusives qui enrichiront votre exp\u00e9rience du festival :<\/p>\n<ul>\n<li><strong>Acc\u00e8s anticip\u00e9 :<\/strong> Acc\u00e8s au site du festival une heure avant le d\u00e9but officiel pour une warm-up party exclusive dans la zone VIP, y compris 60 litres de bi\u00e8re gratuite.<\/li>\n<li><strong>Entr\u00e9e par voie rapide :<\/strong> Entr\u00e9e s\u00e9par\u00e9e pour un acc\u00e8s rapide et facile au festival.<\/li>\n<li><strong>Acc\u00e8s \u00e0 la tribune VIP :<\/strong> Profite d'une vue sur\u00e9lev\u00e9e sur la sc\u00e8ne principale, id\u00e9ale pour vivre l'exp\u00e9rience ultime du festival.<\/li>\n<li><strong>Bar priv\u00e9 :<\/strong> Bar exclusif r\u00e9serv\u00e9 aux VIP avec une s\u00e9lection de spiritueux haut de gamme.<\/li>\n<li><strong>Groupe VIP du festival :<\/strong> Un bracelet sp\u00e9cial qui vous identifie comme VIP.<\/li>\n<li><strong>Vestiaire gratuit :<\/strong> Profite de la remise gratuite des vestiaires dans la zone VIP.<\/li>\n<\/ul>\n<h3><strong>Qu'est-ce qui vous attend au TMF 2025 ?<\/strong><\/h3>\n<p>Le TMF 2025 sera plus grand et meilleur que jamais ! Attendez-vous \u00e0 ce que<\/p>\n<ul>\n<li><strong>Une toute nouvelle sc\u00e9nographie :<\/strong> Cette fois, avec des lasers et un mur de LED pour un spectacle encore plus impressionnant.<\/li>\n<li><strong>Ext\u00e9rieur r\u00e9vis\u00e9 :<\/strong> Plus d'espace pour se d\u00e9tendre, y compris une zone fumeurs plus grande et un vaste Food Court qui offre quelque chose pour tous les go\u00fbts.<\/li>\n<\/ul>\n<h3><strong>Aftermovie 2024<\/strong><\/h3>\n<p>Revivez le TMF \u00e0 travers notre aftermovie officiel et ressentez l'ambiance inoubliable de l'ann\u00e9e derni\u00e8re. L'aftermovie est disponible en pleine r\u00e9solution sur notre <a href=\"https:\/\/www.youtube.com\/watch?v=-4kx6zUx3Y4\" target=\"_new\" rel=\"noopener\">Cha\u00eene YouTube<\/a> disponibles.<\/p>\n<h3><strong>R\u00e9server des billets<\/strong><\/h3>\n<p>\ud83c\udf9f\ufe0f <strong>R\u00e9servez vos billets d\u00e8s maintenant !<\/strong><br \/>\nDans la limite des stocks disponibles !<\/p>","protected":false},"excerpt":{"rendered":"<div class=\"flex-shrink-0 flex flex-col relative items-end\">\n<div>\n<div class=\"pt-0\">\n<div class=\"gizmo-bot-avatar flex h-8 w-8 items-center justify-center overflow-hidden rounded-full\">\n<div class=\"relative p-1 rounded-sm flex items-center justify-center bg-token-main-surface-primary text-token-text-primary h-8 w-8\"><\/div>\n<\/div>\n<\/div>\n<\/div>\n<\/div>\n<p><strong>TMF - Trier Music Festival 2025 !<\/strong><\/p>\n<p><strong>Lieu<\/strong> Parc des expositions de Tr\u00e8ves<br \/>\n<strong>Date<\/strong> 22 mars 2025<\/p>\n<p>Nous commen\u00e7ons la saison avec un bang !<\/p>\n<p>\ud83c\udfa7 <strong>T\u00eate d'affiche :<\/strong><\/p>\n<ul>\n<li><strong>Da Tweekaz<\/strong> - Le duo dynamique de Norv\u00e8ge, connu pour ses sets hardstyle \u00e9nergiques et ses hits comme <em>\"J\u00e4germeister\"<\/em> et <em>\"Moscou\"<\/em>.<\/li>\n<li><strong>Rebelion b2b Warface<\/strong> - Deux des plus grands noms de la sc\u00e8ne hardstyle unissent leurs forces pour un set B2B \u00e9pique.<\/li>\n<\/ul>\n<p>\ud83c\udfb8 <strong>Co-t\u00eate d'affiche :<\/strong><\/p>\n<ul>\n<li><strong>STVW<\/strong> - Pr\u00e9parez-vous \u00e0 une performance explosive : Premi\u00e8re mondiale de son tout nouveau spectacle live.<\/li>\n<li><strong>AXMO<\/strong> - De retour \u00e0 Tr\u00e8ves avec leurs morceaux entra\u00eenants comme <em>\"If I Die Young\"<\/em> et <em>\"Heaven Is A Place On Earth\"<\/em>.<\/li>\n<\/ul>","protected":false},"author":1,"featured_media":18886,"comment_status":"open","ping_status":"closed","template":"","meta":{"_kadence_starter_templates_imported_post":false,"_kad_post_transparent":"","_kad_post_title":"","_kad_post_layout":"","_kad_post_sidebar_id":"","_kad_post_content_style":"","_kad_post_vertical_padding":"","_kad_post_feature":"","_kad_post_feature_position":"","_kad_post_header":false,"_kad_post_footer":false,"_kad_post_classname":""},"product_brand":[],"product_cat":[51],"product_tag":[73,71,69,72,74,70],"class_list":{"0":"post-13242","1":"product","2":"type-product","3":"status-publish","4":"has-post-thumbnail","6":"product_cat-tmf-festival","7":"product_tag-bigroom","8":"product_tag-elektro","9":"product_tag-festival","10":"product_tag-hardstyle","11":"product_tag-techno","12":"product_tag-trier","14":"first","15":"outofstock","16":"taxable","17":"shipping-taxable","18":"purchasable","19":"product-type-variable","20":"entry","21":"content-bg","22":"loop-entry"},"jetpack_sharing_enabled":true,"_links":{"self":[{"href":"https:\/\/skyrocketticketing.de\/fr\/wp-json\/wp\/v2\/product\/13242","targetHints":{"allow":["GET"]}}],"collection":[{"href":"https:\/\/skyrocketticketing.de\/fr\/wp-json\/wp\/v2\/product"}],"about":[{"href":"https:\/\/skyrocketticketing.de\/fr\/wp-json\/wp\/v2\/types\/product"}],"author":[{"embeddable":true,"href":"https:\/\/skyrocketticketing.de\/fr\/wp-json\/wp\/v2\/users\/1"}],"replies":[{"embeddable":true,"href":"https:\/\/skyrocketticketing.de\/fr\/wp-json\/wp\/v2\/comments?post=13242"}],"wp:featuredmedia":[{"embeddable":true,"href":"https:\/\/skyrocketticketing.de\/fr\/wp-json\/wp\/v2\/media\/18886"}],"wp:attachment":[{"href":"https:\/\/skyrocketticketing.de\/fr\/wp-json\/wp\/v2\/media?parent=13242"}],"wp:term":[{"taxonomy":"product_brand","embeddable":true,"href":"https:\/\/skyrocketticketing.de\/fr\/wp-json\/wp\/v2\/product_brand?post=13242"},{"taxonomy":"product_cat","embeddable":true,"href":"https:\/\/skyrocketticketing.de\/fr\/wp-json\/wp\/v2\/product_cat?post=13242"},{"taxonomy":"product_tag","embeddable":true,"href":"https:\/\/skyrocketticketing.de\/fr\/wp-json\/wp\/v2\/product_tag?post=13242"}],"curies":[{"name":"wp","href":"https:\/\/api.w.org\/{rel}","templated":true}]}}