{"id":13029,"date":"2024-08-08T16:52:44","date_gmt":"2024-08-08T14:52:44","guid":{"rendered":"https:\/\/skyrocketticketing.de\/?post_type=product&#038;p=13029"},"modified":"2025-02-15T14:57:53","modified_gmt":"2025-02-15T13:57:53","slug":"halloween-2024-fif-schoenecken","status":"publish","type":"product","link":"https:\/\/skyrocketticketing.de\/fr\/produit\/halloween-2024-fif-schoenecken\/","title":{"rendered":"Seulement caisse du soir - Halloween Party FiF Sch\u00f6necken 2024"},"content":{"rendered":"<h2><strong>Plus que la caisse du soir !<\/strong><\/h2>\n<div><\/div>\n<div class=\"xdj266r x11i5rnm xat24cr x1mh8g0r x1vvkbs\">F\u00caTE DE HALLOWEEN AU FiF SCH\u00d6NECKEN 2024<span class=\"html-span xexx8yu x4uap5 x18d9i69 xkhd6sd x1hl2dhg x16tdsg8 x1vvkbs x3nfvp2 x1j61x8r x1fcty0u xdj266r xat24cr xgzva0m xhhsvwb xxymvpz xlup9mm x1kky2od\"><br \/>\n<\/span><br class=\"html-br\" \/>Nous y sommes \u00e0 nouveau ! La nuit la plus effrayante de l'ann\u00e9e approche et nous vous invitons \u00e0 la plus grande f\u00eate d'Halloween dans l'Eifel. Soyez pr\u00eats pour une nuit pleine de frissons et de rythmes \u00e9lectrisants !<\/div>\n<div class=\"x11i5rnm xat24cr x1mh8g0r x1vvkbs xtlvy1s\">Quand et o\u00f9 ?<br \/>\nJeudi, 31.10.2024<br class=\"html-br\" \/>D\u00e9but : 20:00 heures<br class=\"html-br\" \/>Lieu : FiF Sch\u00f6necken<\/div>\n<div class=\"x11i5rnm xat24cr x1mh8g0r x1vvkbs xtlvy1s\">Qu'est-ce qui vous attend ? <br class=\"html-br\" \/>Boissons d'horreur effrayantes<br class=\"html-br\" \/>Un spectacle de lumi\u00e8re impressionnant<br class=\"html-br\" \/>D\u00e9coration d'horreur effrayante<\/div>\n<div class=\"x11i5rnm xat24cr x1mh8g0r x1vvkbs xtlvy1s\">Ligne de musique :<br class=\"html-br\" \/>T\u00eate d'affiche :<br \/>\nDJ Jerome : le DJ et producteur allemand Jerome est connu pour ses sets \u00e9nergiques et ses remixes impressionnants. Avec plus de 2 millions d'auditeurs mensuels et plus d'un milliard de streams, Jerome est une figure incontournable de la sc\u00e8ne dance europ\u00e9enne. Il a jou\u00e9 dans des festivals renomm\u00e9s comme Parookaville et Airbeat One et apporte sur sc\u00e8ne son m\u00e9lange unique de hardstyle et de techno.<br class=\"html-br\" \/>2 Engel &amp; Charlie : ce duo de DJ et de productrices berlinoises enthousiasme avec ses masques rose fluo et ses ch\u0153urs bruyants. Avec la chanson \"Erinner Mich\", ils ont non seulement conquis le c\u0153ur de leurs fans cette ann\u00e9e, mais aussi les hit-parades. En outre, ils ont d\u00e9j\u00e0 particip\u00e9 \u00e0 des hits comme \"King Kong\" de HBz et \"911\" de Timmy Trumpet x R3hab. Leurs beats EDM \u00e9nergiques donnent des sets qui font transpirer et qui font trembler toutes les f\u00eates.<\/div>\n<div class=\"x11i5rnm xat24cr x1mh8g0r x1vvkbs xtlvy1s\">DJ's locaux : <br class=\"html-br\" \/>\u00a0JACK<br class=\"html-br\" \/>\u00a0DJ Cliff<\/div>\n<div class=\"x11i5rnm xat24cr x1mh8g0r x1vvkbs xtlvy1s\">C\u00e9l\u00e9brez la s\u00e9curit\u00e9 :<br class=\"html-br\" \/>- Pas d'alcool au volant ! Nous vous recommandons d'utiliser un taxi, le covoiturage ou un conducteur sobre.<br class=\"html-br\" \/>- Aucune substance ill\u00e9gale, quelle qu'elle soit, n'est tol\u00e9r\u00e9e.<\/div>\n<div class=\"x11i5rnm xat24cr x1mh8g0r x1vvkbs xtlvy1s\">Admission :<br class=\"html-br\" \/>- L'entr\u00e9e ne se fait que sur pr\u00e9sentation d'une pi\u00e8ce d'identit\u00e9 ORIGINALE (permis de conduire, carte d'identit\u00e9 ou passeport). Les copies et les photos ne sont en principe pas accept\u00e9es.<br class=\"html-br\" \/>- Des informations suppl\u00e9mentaires pour les jeunes de 16 et 17 ans seront communiqu\u00e9es ult\u00e9rieurement.<br class=\"html-br\" \/>Billets : La pr\u00e9vente d\u00e9bute le 10.08.2024 \u00e0 15h00. Cette ann\u00e9e, nous avons r\u00e9serv\u00e9 deux t\u00eates d'affiche connues et nous nous attendons \u00e0 nouveau \u00e0 une rupture de stock ainsi qu'\u00e0 un blocage de l'entr\u00e9e pendant plusieurs heures. R\u00e9servez vos billets \u00e0 l'avance ! Nous commen\u00e7ons avec un Early Bird Ticket limit\u00e9 \u00e0 12 \u20ac. Le booking a \u00e9t\u00e9 effectu\u00e9 en coop\u00e9ration avec le TMF Festival.<\/div>","protected":false},"excerpt":{"rendered":"<div>\n<h2><strong>Plus que la caisse du soir !<\/strong><\/h2>\n<div><\/div>\n<\/div>\n<div class=\"xdj266r x11i5rnm xat24cr x1mh8g0r x1vvkbs\">F\u00caTE DE HALLOWEEN AU FiF SCH\u00d6NECKEN 2024<span class=\"html-span xexx8yu x4uap5 x18d9i69 xkhd6sd x1hl2dhg x16tdsg8 x1vvkbs x3nfvp2 x1j61x8r x1fcty0u xdj266r xat24cr xgzva0m xhhsvwb xxymvpz xlup9mm x1kky2od\"><br \/>\n<\/span><br class=\"html-br\" \/>Nous y sommes \u00e0 nouveau ! La nuit la plus effrayante de l'ann\u00e9e approche et nous vous invitons \u00e0 la plus grande f\u00eate d'Halloween dans l'Eifel. Soyez pr\u00eats pour une nuit pleine de frissons et de rythmes \u00e9lectrisants !<\/div>\n<div class=\"x11i5rnm xat24cr x1mh8g0r x1vvkbs xtlvy1s\">Quand et o\u00f9 ?<br \/>\nJeudi, 31.10.2024<br class=\"html-br\" \/>D\u00e9but : 20:00 heures<br class=\"html-br\" \/>Lieu : FiF Sch\u00f6necken<\/div>\n<div class=\"x11i5rnm xat24cr x1mh8g0r x1vvkbs xtlvy1s\">Qu'est-ce qui vous attend ? <br class=\"html-br\" \/>Boissons d'horreur effrayantes<br class=\"html-br\" \/>Un spectacle de lumi\u00e8re impressionnant<br class=\"html-br\" \/>D\u00e9coration d'horreur effrayante<\/div>\n<div class=\"x11i5rnm xat24cr x1mh8g0r x1vvkbs xtlvy1s\">Ligne de musique :<br class=\"html-br\" \/>T\u00eate d'affiche :<br \/>\nDJ Jerome : le DJ et producteur allemand Jerome est connu pour ses sets \u00e9nergiques et ses remixes impressionnants. Avec plus de 2 millions d'auditeurs mensuels et plus d'un milliard de streams, Jerome est une figure incontournable de la sc\u00e8ne dance europ\u00e9enne. Il a jou\u00e9 dans des festivals renomm\u00e9s comme Parookaville et Airbeat One et apporte sur sc\u00e8ne son m\u00e9lange unique de hardstyle et de techno.<br class=\"html-br\" \/>2 Engel &amp; Charlie : ce duo de DJ et de productrices berlinoises enthousiasme avec ses masques rose fluo et ses ch\u0153urs bruyants. Avec la chanson \"Erinner Mich\", ils ont non seulement conquis le c\u0153ur de leurs fans cette ann\u00e9e, mais aussi les hit-parades. En outre, ils ont d\u00e9j\u00e0 particip\u00e9 \u00e0 des hits comme \"King Kong\" de HBz et \"911\" de Timmy Trumpet x R3hab. Leurs beats EDM \u00e9nergiques donnent des sets qui font transpirer et qui font trembler toutes les f\u00eates.<\/div>\n<div class=\"x11i5rnm xat24cr x1mh8g0r x1vvkbs xtlvy1s\"><\/div>","protected":false},"author":1,"featured_media":13025,"comment_status":"open","ping_status":"closed","template":"","meta":{"_kadence_starter_templates_imported_post":false,"_kad_post_transparent":"","_kad_post_title":"","_kad_post_layout":"","_kad_post_sidebar_id":"","_kad_post_content_style":"","_kad_post_vertical_padding":"","_kad_post_feature":"","_kad_post_feature_position":"","_kad_post_header":false,"_kad_post_footer":false,"_kad_post_classname":""},"product_brand":[],"product_cat":[38],"product_tag":[],"class_list":{"0":"post-13029","1":"product","2":"type-product","3":"status-publish","4":"has-post-thumbnail","6":"product_cat-eifel-events-com","8":"first","9":"outofstock","10":"taxable","11":"shipping-taxable","12":"purchasable","13":"product-type-variable","14":"entry","15":"content-bg","16":"loop-entry"},"jetpack_sharing_enabled":true,"_links":{"self":[{"href":"https:\/\/skyrocketticketing.de\/fr\/wp-json\/wp\/v2\/product\/13029","targetHints":{"allow":["GET"]}}],"collection":[{"href":"https:\/\/skyrocketticketing.de\/fr\/wp-json\/wp\/v2\/product"}],"about":[{"href":"https:\/\/skyrocketticketing.de\/fr\/wp-json\/wp\/v2\/types\/product"}],"author":[{"embeddable":true,"href":"https:\/\/skyrocketticketing.de\/fr\/wp-json\/wp\/v2\/users\/1"}],"replies":[{"embeddable":true,"href":"https:\/\/skyrocketticketing.de\/fr\/wp-json\/wp\/v2\/comments?post=13029"}],"wp:featuredmedia":[{"embeddable":true,"href":"https:\/\/skyrocketticketing.de\/fr\/wp-json\/wp\/v2\/media\/13025"}],"wp:attachment":[{"href":"https:\/\/skyrocketticketing.de\/fr\/wp-json\/wp\/v2\/media?parent=13029"}],"wp:term":[{"taxonomy":"product_brand","embeddable":true,"href":"https:\/\/skyrocketticketing.de\/fr\/wp-json\/wp\/v2\/product_brand?post=13029"},{"taxonomy":"product_cat","embeddable":true,"href":"https:\/\/skyrocketticketing.de\/fr\/wp-json\/wp\/v2\/product_cat?post=13029"},{"taxonomy":"product_tag","embeddable":true,"href":"https:\/\/skyrocketticketing.de\/fr\/wp-json\/wp\/v2\/product_tag?post=13029"}],"curies":[{"name":"wp","href":"https:\/\/api.w.org\/{rel}","templated":true}]}}