{"id":11158,"date":"2024-04-27T15:02:56","date_gmt":"2024-04-27T13:02:56","guid":{"rendered":"https:\/\/skyrocketticketing.de\/?post_type=product&#038;p=11158"},"modified":"2026-04-10T21:04:50","modified_gmt":"2026-04-10T19:04:50","slug":"tmf-merch-t-shirt","status":"publish","type":"product","link":"https:\/\/skyrocketticketing.de\/fr\/produit\/tmf-merch-t-shirt\/","title":{"rendered":"TMF Fashion Merch"},"content":{"rendered":"<p>Le style rencontre l'enthousiasme - assure-toi de recevoir notre premier T-shirt TMF-Fashion ! Ce t-shirt exclusif se caract\u00e9rise par un design moderne qui met en valeur le logo TMF dans des couleurs vives sur un coton de qualit\u00e9 sup\u00e9rieure. Parfait pour chaque festival ou comme compagnon de tous les jours pour montrer ton amour de la musique. Disponible pour une dur\u00e9e limit\u00e9e - va chercher ton morceau de festival avant qu'il ne soit trop tard !<\/p>\n<p><img loading=\"lazy\" decoding=\"async\" class=\"alignnone size-medium wp-image-11171\" src=\"https:\/\/skyrocketticketing.de\/wp-content\/uploads\/2024\/04\/Bildschirm\u00adfoto-2024-04-27-um-13.22.43-300x85.png\" alt=\"\" width=\"300\" height=\"85\" srcset=\"https:\/\/skyrocketticketing.de\/wp-content\/uploads\/2024\/04\/Bildschirm\u00adfoto-2024-04-27-um-13.22.43-300x85.png 300w, https:\/\/skyrocketticketing.de\/wp-content\/uploads\/2024\/04\/Bildschirm\u00adfoto-2024-04-27-um-13.22.43-600x170.png 600w, https:\/\/skyrocketticketing.de\/wp-content\/uploads\/2024\/04\/Bildschirm\u00adfoto-2024-04-27-um-13.22.43-1024x290.png 1024w, https:\/\/skyrocketticketing.de\/wp-content\/uploads\/2024\/04\/Bildschirm\u00adfoto-2024-04-27-um-13.22.43-768x217.png 768w, https:\/\/skyrocketticketing.de\/wp-content\/uploads\/2024\/04\/Bildschirm\u00adfoto-2024-04-27-um-13.22.43-1536x434.png 1536w, https:\/\/skyrocketticketing.de\/wp-content\/uploads\/2024\/04\/Bildschirm\u00adfoto-2024-04-27-um-13.22.43-2048x579.png 2048w\" sizes=\"auto, (max-width: 300px) 100vw, 300px\" \/><\/p>","protected":false},"excerpt":{"rendered":"<p>TMF Tr\u00e8ves MUSIC FESTIVAL T-shirt de mode<\/p>","protected":false},"author":1,"featured_media":34622,"comment_status":"open","ping_status":"closed","template":"","meta":{"_kadence_starter_templates_imported_post":false,"_kad_post_transparent":"default","_kad_post_title":"","_kad_post_layout":"default","_kad_post_sidebar_id":"","_kad_post_content_style":"default","_kad_post_vertical_padding":"default","_kad_post_feature":"","_kad_post_feature_position":"","_kad_post_header":false,"_kad_post_footer":false,"_kad_post_classname":""},"product_brand":[],"product_cat":[79],"product_tag":[],"class_list":{"0":"post-11158","1":"product","2":"type-product","3":"status-publish","4":"has-post-thumbnail","6":"product_cat-tmf-merch","8":"first","9":"outofstock","10":"taxable","11":"shipping-taxable","12":"purchasable","13":"product-type-variable","14":"entry","15":"content-bg","16":"loop-entry"},"jetpack_sharing_enabled":true,"_links":{"self":[{"href":"https:\/\/skyrocketticketing.de\/fr\/wp-json\/wp\/v2\/product\/11158","targetHints":{"allow":["GET"]}}],"collection":[{"href":"https:\/\/skyrocketticketing.de\/fr\/wp-json\/wp\/v2\/product"}],"about":[{"href":"https:\/\/skyrocketticketing.de\/fr\/wp-json\/wp\/v2\/types\/product"}],"author":[{"embeddable":true,"href":"https:\/\/skyrocketticketing.de\/fr\/wp-json\/wp\/v2\/users\/1"}],"replies":[{"embeddable":true,"href":"https:\/\/skyrocketticketing.de\/fr\/wp-json\/wp\/v2\/comments?post=11158"}],"wp:featuredmedia":[{"embeddable":true,"href":"https:\/\/skyrocketticketing.de\/fr\/wp-json\/wp\/v2\/media\/34622"}],"wp:attachment":[{"href":"https:\/\/skyrocketticketing.de\/fr\/wp-json\/wp\/v2\/media?parent=11158"}],"wp:term":[{"taxonomy":"product_brand","embeddable":true,"href":"https:\/\/skyrocketticketing.de\/fr\/wp-json\/wp\/v2\/product_brand?post=11158"},{"taxonomy":"product_cat","embeddable":true,"href":"https:\/\/skyrocketticketing.de\/fr\/wp-json\/wp\/v2\/product_cat?post=11158"},{"taxonomy":"product_tag","embeddable":true,"href":"https:\/\/skyrocketticketing.de\/fr\/wp-json\/wp\/v2\/product_tag?post=11158"}],"curies":[{"name":"wp","href":"https:\/\/api.w.org\/{rel}","templated":true}]}}