{"id":37,"date":"2023-03-17T12:42:41","date_gmt":"2023-03-17T11:42:41","guid":{"rendered":"https:\/\/skyrocketticketing.de\/bezahlmoeglichkeiten\/"},"modified":"2023-03-17T12:42:41","modified_gmt":"2023-03-17T11:42:41","slug":"bezahlmoeglichkeiten","status":"publish","type":"page","link":"https:\/\/skyrocketticketing.de\/fr\/bezahlmoeglichkeiten\/","title":{"rendered":"Modes de paiement"},"content":{"rendered":"<div class=\"woocommerce woocommerce-gzd\">\n\t<ul class=\"payment_methods methods\">\n\t\t\t\t\t<li class=\"payment_method_bacs\">\n\t\t\t\t<label>Virement bancaire direct<\/label>\n\t\t\t\t\t\t\t\t\t<div class=\"payment_box payment_method_bacs\">\n\t\t\t\t\t\t<p>Vire directement \u00e0 notre compte bancaire. Merci d'utiliser le num\u00e9ro de commande comme motif de paiement. Ta commande de billets ne sera envoy\u00e9e qu'apr\u00e8s r\u00e9ception de l'argent sur notre compte.<\/p>\n\t\t\t\t\t<\/div>\n\t\t\t\t\t\t\t<\/li>\n\t\t\t\t\t<li class=\"payment_method_stripe\">\n\t\t\t\t<label>Carte de cr\u00e9dit\/d\u00e9bit<img decoding=\"async\" src=\"https:\/\/skyrocketticketing.de\/wp-content\/plugins\/woocommerce-gateway-stripe\/assets\/images\/cards.svg\" class=\"stripe-cards-icon stripe-icon\" alt=\"Carte de cr\u00e9dit\/d\u00e9bit\" \/><\/label>\n\t\t\t\t\t\t\t\t\t<div class=\"payment_box payment_method_stripe\">\n\t\t\t\t\t\t<p><\/p>\n\t\t\t\t\t<\/div>\n\t\t\t\t\t\t\t<\/li>\n\t\t\t\t\t<li class=\"payment_method_ppcp-gateway\">\n\t\t\t\t<label>PayPal<img decoding=\"async\" src=\"https:\/\/skyrocketticketing.de\/wp-content\/plugins\/woocommerce-paypal-payments\/modules\/ppcp-wc-gateway\/assets\/images\/paypal.svg\" alt=\"PayPal\" \/><\/label>\n\t\t\t\t\t\t\t\t\t<div class=\"payment_box payment_method_ppcp-gateway\">\n\t\t\t\t\t\t<p>Payer avec PayPal.<\/p>\n\t\t\t\t\t<\/div>\n\t\t\t\t\t\t\t<\/li>\n\t\t\t<\/ul>\n<\/div>","protected":false},"excerpt":{"rendered":"","protected":false},"author":1,"featured_media":0,"parent":0,"menu_order":0,"comment_status":"closed","ping_status":"closed","template":"","meta":{"_kadence_starter_templates_imported_post":false,"_kad_post_transparent":"","_kad_post_title":"","_kad_post_layout":"","_kad_post_sidebar_id":"","_kad_post_content_style":"","_kad_post_vertical_padding":"","_kad_post_feature":"","_kad_post_feature_position":"","_kad_post_header":false,"_kad_post_footer":false,"_kad_post_classname":"","footnotes":""},"class_list":["post-37","page","type-page","status-publish","hentry"],"jetpack_sharing_enabled":true,"_links":{"self":[{"href":"https:\/\/skyrocketticketing.de\/fr\/wp-json\/wp\/v2\/pages\/37","targetHints":{"allow":["GET"]}}],"collection":[{"href":"https:\/\/skyrocketticketing.de\/fr\/wp-json\/wp\/v2\/pages"}],"about":[{"href":"https:\/\/skyrocketticketing.de\/fr\/wp-json\/wp\/v2\/types\/page"}],"author":[{"embeddable":true,"href":"https:\/\/skyrocketticketing.de\/fr\/wp-json\/wp\/v2\/users\/1"}],"replies":[{"embeddable":true,"href":"https:\/\/skyrocketticketing.de\/fr\/wp-json\/wp\/v2\/comments?post=37"}],"version-history":[{"count":0,"href":"https:\/\/skyrocketticketing.de\/fr\/wp-json\/wp\/v2\/pages\/37\/revisions"}],"wp:attachment":[{"href":"https:\/\/skyrocketticketing.de\/fr\/wp-json\/wp\/v2\/media?parent=37"}],"curies":[{"name":"wp","href":"https:\/\/api.w.org\/{rel}","templated":true}]}}