{"id":35,"date":"2023-03-17T12:42:41","date_gmt":"2023-03-17T11:42:41","guid":{"rendered":"https:\/\/skyrocketticketing.de\/widerrufsbelehrung\/"},"modified":"2024-04-05T15:07:07","modified_gmt":"2024-04-05T13:07:07","slug":"widerrufsbelehrung","status":"publish","type":"page","link":"https:\/\/skyrocketticketing.de\/fr\/widerrufsbelehrung\/","title":{"rendered":"Information sur le droit de r\u00e9tractation"},"content":{"rendered":"<p>Les consommateurs disposent d'un droit de r\u00e9tractation de quatorze jours.<\/p>\n\n\n\n<p><strong>Droit de r\u00e9tractation<\/strong><\/p>\n\n\n\n<p>Vous avez le droit de vous r\u00e9tracter du pr\u00e9sent contrat sans donner de motif dans un d\u00e9lai de quatorze jours. Le d\u00e9lai de r\u00e9tractation est de quatorze jours \u00e0 compter de la date de conclusion du contrat.<\/p>\n\n\n\n<p>Pour exercer votre droit de r\u00e9tractation, vous devez nous informer (Skyrocket Ventures GmbH - Laurentius Kiefer, Wiesenweg 11, 54441 Ayl, Allemagne, kontakt@skyrocketventures.de, t\u00e9l\u00e9phone : 015120217041) de votre d\u00e9cision de vous r\u00e9tracter du pr\u00e9sent contrat au moyen d'une d\u00e9claration d\u00e9nu\u00e9e d'ambigu\u00eft\u00e9 (par ex. une lettre envoy\u00e9e par la poste ou un e-mail). Vous pouvez utiliser \u00e0 cet effet le mod\u00e8le de formulaire de r\u00e9tractation ci-joint, qui n'est toutefois pas obligatoire.<\/p>\n\n\n\n<p>Pour que le d\u00e9lai de r\u00e9tractation soit respect\u00e9, il suffit que vous envoyiez la communication relative \u00e0 l'exercice du droit de r\u00e9tractation avant l'expiration du d\u00e9lai de r\u00e9tractation.<\/p>\n\n\n\n<p><strong>Cons\u00e9quences de la r\u00e9vocation<\/strong><\/p>\n\n\n\n<p>En cas de r\u00e9tractation du pr\u00e9sent contrat, nous vous rembourserons tous les paiements re\u00e7us de vous, y compris les frais de livraison (\u00e0 l'exception des frais suppl\u00e9mentaires d\u00e9coulant du fait que vous avez choisi un mode de livraison autre que le mode moins co\u00fbteux de livraison standard propos\u00e9 par nous), sans retard excessif et au plus tard quatorze jours \u00e0 compter de la date \u00e0 laquelle nous aurons \u00e9t\u00e9 inform\u00e9s de votre d\u00e9cision de r\u00e9tractation du pr\u00e9sent contrat. Pour ce remboursement, nous utilisons le m\u00eame moyen de paiement que celui que vous avez utilis\u00e9 pour la transaction initiale, \u00e0 moins qu'il n'en ait \u00e9t\u00e9 express\u00e9ment convenu autrement avec vous ; en aucun cas, des frais ne vous seront factur\u00e9s pour ce remboursement.<\/p>\n\n\n\n<p>Pour un contrat de fourniture de contenu num\u00e9rique ne se trouvant pas sur un support physique et vous obligeant \u00e0 payer un prix, les dispositions suivantes s'appliquent : le droit de r\u00e9tractation expire (pr\u00e9matur\u00e9ment) \u00e9galement si vous avez express\u00e9ment accept\u00e9 que nous commencions \u00e0 ex\u00e9cuter le contrat avant l'expiration du d\u00e9lai de r\u00e9tractation, si vous avez confirm\u00e9 avoir connaissance du fait que votre accord entra\u00eene l'expiration de votre droit de r\u00e9tractation d\u00e8s le d\u00e9but de l'ex\u00e9cution du contrat et si nous vous avons fourni une confirmation.<\/p>\n\n\n\n<figure class=\"wp-block-table\"><table><tbody><tr><td><strong>Mod\u00e8le de formulaire de r\u00e9tractation<\/strong><em>(Si vous souhaitez vous r\u00e9tracter, veuillez remplir et renvoyer ce formulaire).<\/em>- A Skyrocket Ventures GmbH - Laurentius Kiefer, Wiesenweg 11, 54441 Ayl, Allemagne, kontakt@skyrocketventures.de- Par la pr\u00e9sente, je\/nous (*) r\u00e9voque(ons) le contrat que j'ai\/nous avons (*) conclu pour l'achat des produits suivants<br>Marchandises (*)\/fourniture du service suivant (*)- Command\u00e9 le (*)\/re\u00e7u le (*)- Nom du\/des consommateur(s)- Adresse du\/des consommateur(s)- Signature du\/des consommateur(s) (uniquement en cas de communication sur papier)- Date<br><br><em>(*) Biffer la mention inutile.<\/em><\/td><\/tr><\/tbody><\/table><\/figure>\n\n\n\n<p><a href=\"https:\/\/legal.trustedshops.com\/produkte\/rechtstexter\" target=\"_blank\" rel=\"noreferrer noopener\">Information sur le droit de r\u00e9tractation<\/a><br>cr\u00e9\u00e9 avec le<br><a href=\"https:\/\/legal.trustedshops.com\" target=\"_blank\" rel=\"noreferrer noopener\">Trusted Shops<\/a><br>Texteur juridique<\/p>","protected":false},"excerpt":{"rendered":"<p>Droit de r\u00e9tractation\nVous avez le droit de r\u00e9silier le pr\u00e9sent contrat sans indication de motifs dans un d\u00e9lai de quatorze jours. Le d\u00e9lai de r\u00e9tractation est de quatorze jours \u00e0 compter du jour de la conclusion du contrat. Pour exercer votre droit de r\u00e9tractation, vous devez nous notifier (Skyrocket Ventures GmbH \u2013 Laurentius Kiefer, Wiesenweg 11, 54441 Ayl, Allemagne, kontakt@skyrocketventures.de, T\u00e9l\u00e9phone : 015120217041) par une d\u00e9claration univoque\u2026<\/p>","protected":false},"author":1,"featured_media":0,"parent":0,"menu_order":0,"comment_status":"closed","ping_status":"closed","template":"","meta":{"_kadence_starter_templates_imported_post":false,"_kad_post_transparent":"","_kad_post_title":"","_kad_post_layout":"","_kad_post_sidebar_id":"","_kad_post_content_style":"","_kad_post_vertical_padding":"","_kad_post_feature":"","_kad_post_feature_position":"","_kad_post_header":false,"_kad_post_footer":false,"_kad_post_classname":"","footnotes":""},"class_list":["post-35","page","type-page","status-publish","hentry"],"jetpack_sharing_enabled":true,"_links":{"self":[{"href":"https:\/\/skyrocketticketing.de\/fr\/wp-json\/wp\/v2\/pages\/35","targetHints":{"allow":["GET"]}}],"collection":[{"href":"https:\/\/skyrocketticketing.de\/fr\/wp-json\/wp\/v2\/pages"}],"about":[{"href":"https:\/\/skyrocketticketing.de\/fr\/wp-json\/wp\/v2\/types\/page"}],"author":[{"embeddable":true,"href":"https:\/\/skyrocketticketing.de\/fr\/wp-json\/wp\/v2\/users\/1"}],"replies":[{"embeddable":true,"href":"https:\/\/skyrocketticketing.de\/fr\/wp-json\/wp\/v2\/comments?post=35"}],"version-history":[{"count":0,"href":"https:\/\/skyrocketticketing.de\/fr\/wp-json\/wp\/v2\/pages\/35\/revisions"}],"wp:attachment":[{"href":"https:\/\/skyrocketticketing.de\/fr\/wp-json\/wp\/v2\/media?parent=35"}],"curies":[{"name":"wp","href":"https:\/\/api.w.org\/{rel}","templated":true}]}}