{"id":32,"date":"2023-03-17T12:42:41","date_gmt":"2023-03-17T11:42:41","guid":{"rendered":"https:\/\/skyrocketticketing.de\/impressum\/"},"modified":"2025-06-24T11:39:08","modified_gmt":"2025-06-24T09:39:08","slug":"impressum","status":"publish","type":"page","link":"https:\/\/skyrocketticketing.de\/fr\/impressum\/","title":{"rendered":"Mentions l\u00e9gales"},"content":{"rendered":"<p><strong>Skyrocket Ventures GmbH<\/strong><\/p>\n\n\n\n<p>11, chemin des Pr\u00e9s<br>54441 Ayl<br>Allemagne<\/p>\n\n\n\n<p>T\u00e9l\u00e9phone : 0151-64920286<\/p>\n\n\n\n<p>Courrier \u00e9lectronique : kontakt@skyrocketventures.de<\/p>\n\n\n\n<p>G\u00e9rants : Laurentius Kiefer, Alexander Meyer<\/p>\n\n\n\n<p>Registre du commerce : Tribunal d'instance de Wittlich, HRB 45623<\/p>\n\n\n\n<p>Num\u00e9ro(s) d'identification de la taxe sur la valeur ajout\u00e9e : DE345355800<\/p>\n\n\n\n<p>La Commission europ\u00e9enne met \u00e0 disposition une plateforme de r\u00e8glement en ligne des litiges (RLL) que vous trouverez ici <a href=\"https:\/\/ec.europa.eu\/consumers\/odr\/\" target=\"_blank\" rel=\"noreferrer noopener\">https:\/\/ec.europa.eu\/consumers\/odr\/<\/a>.<br>Nous ne sommes pas tenus de participer \u00e0 une proc\u00e9dure de r\u00e8glement des litiges devant un organisme de conciliation des consommateurs et ne sommes pas dispos\u00e9s \u00e0 le faire.<\/p>\n\n\n\n<p><a href=\"https:\/\/legal.trustedshops.com\/produkte\/rechtstexter\" target=\"_blank\" rel=\"noreferrer noopener\">Mentions l\u00e9gales<\/a><br>cr\u00e9\u00e9 avec le<br><a href=\"https:\/\/legal.trustedshops.com\" target=\"_blank\" rel=\"noreferrer noopener\">Trusted Shops<\/a><br>Texteur juridique<\/p>","protected":false},"excerpt":{"rendered":"<p>Skyrocket Ventures GmbH Wiesenweg 1154441 AylAllemagne T\u00e9l\u00e9phone : 0151-64920286 Mail : kontakt@skyrocketventures.de G\u00e9rants : Laurentius Kiefer, Alexander Meyer Registre du commerce : Tribunal d'instance de Wittlich, HRB 45623 Num\u00e9ro(s) d'identification TVA : DE345355800 La Commission europ\u00e9enne met \u00e0 disposition une plateforme de r\u00e8glement en ligne des litiges (OS) que vous trouverez ici https:\/\/ec.europa.eu\/consumers\/odr\/.Zur Nous ne sommes pas tenus de participer \u00e0 une proc\u00e9dure de r\u00e8glement des litiges devant un organisme de conciliation des consommateurs et ne sommes pas pr\u00eats \u00e0 le faire. Mentions l\u00e9gales cr\u00e9\u00e9es avec le texteur juridique de Trusted Shops<\/p>","protected":false},"author":1,"featured_media":0,"parent":0,"menu_order":0,"comment_status":"closed","ping_status":"closed","template":"","meta":{"_kadence_starter_templates_imported_post":false,"_kad_post_transparent":"","_kad_post_title":"","_kad_post_layout":"","_kad_post_sidebar_id":"","_kad_post_content_style":"","_kad_post_vertical_padding":"","_kad_post_feature":"","_kad_post_feature_position":"","_kad_post_header":false,"_kad_post_footer":false,"_kad_post_classname":"","footnotes":""},"class_list":["post-32","page","type-page","status-publish","hentry"],"jetpack_sharing_enabled":true,"_links":{"self":[{"href":"https:\/\/skyrocketticketing.de\/fr\/wp-json\/wp\/v2\/pages\/32","targetHints":{"allow":["GET"]}}],"collection":[{"href":"https:\/\/skyrocketticketing.de\/fr\/wp-json\/wp\/v2\/pages"}],"about":[{"href":"https:\/\/skyrocketticketing.de\/fr\/wp-json\/wp\/v2\/types\/page"}],"author":[{"embeddable":true,"href":"https:\/\/skyrocketticketing.de\/fr\/wp-json\/wp\/v2\/users\/1"}],"replies":[{"embeddable":true,"href":"https:\/\/skyrocketticketing.de\/fr\/wp-json\/wp\/v2\/comments?post=32"}],"version-history":[{"count":0,"href":"https:\/\/skyrocketticketing.de\/fr\/wp-json\/wp\/v2\/pages\/32\/revisions"}],"wp:attachment":[{"href":"https:\/\/skyrocketticketing.de\/fr\/wp-json\/wp\/v2\/media?parent=32"}],"curies":[{"name":"wp","href":"https:\/\/api.w.org\/{rel}","templated":true}]}}