{"id":24545,"date":"2025-06-24T22:44:10","date_gmt":"2025-06-24T20:44:10","guid":{"rendered":"https:\/\/skyrocketticketing.de\/?page_id=24545"},"modified":"2026-02-26T17:40:09","modified_gmt":"2026-02-26T16:40:09","slug":"kontakt","status":"publish","type":"page","link":"https:\/\/skyrocketticketing.de\/fr\/kontakt\/","title":{"rendered":"Contact"},"content":{"rendered":"<p>Questions sur votre commande et <a href=\"https:\/\/skyrocketticketing.de\/fr\/faq\/\" data-type=\"page\" data-id=\"3247\">FAQ<\/a> lu ?<\/p>\n\n\n<style id=\"wpforms-css-vars-24552\">\n\t\t\t\t#wpforms-24552 {\n\t\t\t\t--wpforms-container-padding: 0px;\n--wpforms-container-border-width: 1px;\n--wpforms-container-border-radius: 3px;\n--wpforms-background-color: rgba(0, 0, 0, 0);\n--wpforms-field-size-input-height: 43px;\n--wpforms-field-size-input-spacing: 15px;\n--wpforms-field-size-font-size: 16px;\n--wpforms-field-size-line-height: 19px;\n--wpforms-field-size-padding-h: 14px;\n--wpforms-field-size-checkbox-size: 16px;\n--wpforms-field-size-sublabel-spacing: 5px;\n--wpforms-field-size-icon-size: 1;\n--wpforms-label-size-font-size: 16px;\n--wpforms-label-size-line-height: 19px;\n--wpforms-label-size-sublabel-font-size: 14px;\n--wpforms-label-size-sublabel-line-height: 17px;\n--wpforms-button-size-font-size: 17px;\n--wpforms-button-size-height: 41px;\n--wpforms-button-size-padding-h: 15px;\n--wpforms-button-size-margin-top: 10px;\n--wpforms-container-shadow-size-box-shadow: none;\n\t\t\t}\n\t\t\t<\/style><div class=\"wpforms-container wpforms-container-full wpforms-render-modern\" id=\"wpforms-24552\"><form id=\"wpforms-form-24552\" class=\"wpforms-validate wpforms-form wpforms-ajax-form\" data-formid=\"24552\" method=\"post\" enctype=\"multipart\/form-data\" action=\"\/fr\/wp-json\/wp\/v2\/pages\/24545\" data-token=\"64835e758135530aaa96cd4f04c3089b\" data-token-time=\"1776663266\" data-trp-original-action=\"\/fr\/wp-json\/wp\/v2\/pages\/24545\"><noscript class=\"wpforms-error-noscript\">Veuillez activer JavaScript dans votre navigateur pour remplir ce formulaire.<\/noscript><div id=\"wpforms-error-noscript\" style=\"display: none;\">Veuillez activer JavaScript dans votre navigateur pour remplir ce formulaire.<\/div><div class=\"wpforms-field-container\"><div id=\"wpforms-24552-field_1-container\" class=\"wpforms-field wpforms-field-name\" data-field-id=\"1\"><fieldset><legend class=\"wpforms-field-label\">Nom <span class=\"wpforms-required-label\" aria-hidden=\"true\">*<\/span><\/legend><div class=\"wpforms-field-row wpforms-field-medium\"><div class=\"wpforms-field-row-block wpforms-first wpforms-one-half\"><input type=\"text\" id=\"wpforms-24552-field_1\" class=\"wpforms-field-name-first wpforms-field-required\" name=\"wpforms[fields][1][first]\" aria-errormessage=\"wpforms-24552-field_1-error\" required><label for=\"wpforms-24552-field_1\" class=\"wpforms-field-sublabel after\">Pr\u00e9nom<\/label><\/div><div class=\"wpforms-field-row-block wpforms-one-half\"><input type=\"text\" id=\"wpforms-24552-field_1-last\" class=\"wpforms-field-name-last wpforms-field-required\" name=\"wpforms[fields][1][last]\" aria-errormessage=\"wpforms-24552-field_1-last-error\" required><label for=\"wpforms-24552-field_1-last\" class=\"wpforms-field-sublabel after\">Nom<\/label><\/div><\/div><\/fieldset><\/div>\t\t<div id=\"wpforms-24552-field_4-container\"\n\t\t\tclass=\"wpforms-field wpforms-field-text\"\n\t\t\tdata-field-type=\"text\"\n\t\t\tdata-field-id=\"4\"\n\t\t\t>\n\t\t\t<label class=\"wpforms-field-label\" for=\"wpforms-24552-field_4\" >Bestellnummer noch Kommentar<\/label>\n\t\t\t<input type=\"text\" id=\"wpforms-24552-field_4\" class=\"wpforms-field-medium\" name=\"wpforms[fields][4]\" >\n\t\t<\/div>\n\t\t<div id=\"wpforms-24552-field_2-container\" class=\"wpforms-field wpforms-field-email\" data-field-id=\"2\"><label class=\"wpforms-field-label\" for=\"wpforms-24552-field_2\">Adresse \u00e9lectronique <span class=\"wpforms-required-label\" aria-hidden=\"true\">*<\/span><\/label><input type=\"email\" id=\"wpforms-24552-field_2\" class=\"wpforms-field-medium wpforms-field-required\" name=\"wpforms[fields][2]\" spellcheck=\"false\" aria-errormessage=\"wpforms-24552-field_2-error\" required><\/div><div id=\"wpforms-24552-field_5-container\" class=\"wpforms-field wpforms-field-text\" data-field-id=\"5\"><label class=\"wpforms-field-label\" for=\"wpforms-24552-field_5\">Num\u00e9ro de commande<\/label><input type=\"text\" id=\"wpforms-24552-field_5\" class=\"wpforms-field-medium\" name=\"wpforms[fields][5]\" aria-errormessage=\"wpforms-24552-field_5-error\" ><\/div><div id=\"wpforms-24552-field_3-container\" class=\"wpforms-field wpforms-field-textarea\" data-field-id=\"3\"><label class=\"wpforms-field-label\" for=\"wpforms-24552-field_3\">Commentaire ou message<\/label><textarea id=\"wpforms-24552-field_3\" class=\"wpforms-field-medium\" name=\"wpforms[fields][3]\" aria-errormessage=\"wpforms-24552-field_3-error\" ><\/textarea><\/div><div id=\"wpforms-24552-field_7-container\" class=\"wpforms-field wpforms-field-checkbox\" data-field-id=\"7\"><fieldset><legend class=\"wpforms-field-label\">Tu n'as pas encore trouv\u00e9 de r\u00e9ponse \u00e0 ta question ? <span class=\"wpforms-required-label\" aria-hidden=\"true\">*<\/span><\/legend><ul id=\"wpforms-24552-field_7\" class=\"wpforms-field-required\"><li class=\"choice-1 depth-1\"><input type=\"checkbox\" id=\"wpforms-24552-field_7_1\" name=\"wpforms[fields][7][]\" value=\"FAQ gelesen\" aria-errormessage=\"wpforms-24552-field_7_1-error\" required><label class=\"wpforms-field-label-inline\" for=\"wpforms-24552-field_7_1\">FAQ lue<\/label><\/li><\/ul><\/fieldset><\/div><script>\n\t\t\t\t( function() {\n\t\t\t\t\tconst style = document.createElement( 'style' );\n\t\t\t\t\tstyle.appendChild( document.createTextNode( '#wpforms-24552-field_4-container { position: absolute !important; overflow: hidden !important; display: inline !important; height: 1px !important; width: 1px !important; z-index: -1000 !important; padding: 0 !important; } #wpforms-24552-field_4-container input { visibility: hidden; } #wpforms-conversational-form-page #wpforms-24552-field_4-container label { counter-increment: none; }' ) );\n\t\t\t\t\tdocument.head.appendChild( style );\n\t\t\t\t\tdocument.currentScript?.remove();\n\t\t\t\t} )();\n\t\t\t<\/script><\/div><!-- .wpforms-field-container --><div class=\"wpforms-submit-container\" ><input type=\"hidden\" name=\"wpforms[id]\" value=\"24552\"><input type=\"hidden\" name=\"page_title\" value=\"\"><input type=\"hidden\" name=\"page_url\" value=\"https:\/\/skyrocketticketing.de\/fr\/wp-json\/wp\/v2\/pages\/24545\"><input type=\"hidden\" name=\"url_referer\" value=\"\"><button type=\"submit\" name=\"wpforms[submit]\" id=\"wpforms-submit-24552\" class=\"wpforms-submit\" data-alt-text=\"Wird gesendet\u00a0\u2026\" data-submit-text=\"Absenden\" aria-live=\"assertive\" value=\"wpforms-submit\">Envoyer<\/button><img loading=\"lazy\" decoding=\"async\" src=\"https:\/\/skyrocketticketing.de\/wp-content\/plugins\/wpforms-lite\/assets\/images\/submit-spin.svg\" class=\"wpforms-submit-spinner\" style=\"display: none;\" width=\"26\" height=\"26\" alt=\"Chargement en cours\"><\/div><input type=\"hidden\" name=\"trp-form-language\" value=\"fr\"\/><\/form><\/div>  <!-- .wpforms-container -->\n\n\n\n<p><\/p>","protected":false},"excerpt":{"rendered":"<p>Questions sur votre commande et lu la FAQ ?<\/p>","protected":false},"author":1,"featured_media":0,"parent":0,"menu_order":0,"comment_status":"closed","ping_status":"closed","template":"","meta":{"_kadence_starter_templates_imported_post":false,"_kad_post_transparent":"","_kad_post_title":"","_kad_post_layout":"","_kad_post_sidebar_id":"","_kad_post_content_style":"","_kad_post_vertical_padding":"","_kad_post_feature":"","_kad_post_feature_position":"","_kad_post_header":false,"_kad_post_footer":false,"_kad_post_classname":"","footnotes":""},"class_list":["post-24545","page","type-page","status-publish","hentry"],"jetpack_sharing_enabled":true,"_links":{"self":[{"href":"https:\/\/skyrocketticketing.de\/fr\/wp-json\/wp\/v2\/pages\/24545","targetHints":{"allow":["GET"]}}],"collection":[{"href":"https:\/\/skyrocketticketing.de\/fr\/wp-json\/wp\/v2\/pages"}],"about":[{"href":"https:\/\/skyrocketticketing.de\/fr\/wp-json\/wp\/v2\/types\/page"}],"author":[{"embeddable":true,"href":"https:\/\/skyrocketticketing.de\/fr\/wp-json\/wp\/v2\/users\/1"}],"replies":[{"embeddable":true,"href":"https:\/\/skyrocketticketing.de\/fr\/wp-json\/wp\/v2\/comments?post=24545"}],"version-history":[{"count":2,"href":"https:\/\/skyrocketticketing.de\/fr\/wp-json\/wp\/v2\/pages\/24545\/revisions"}],"predecessor-version":[{"id":32927,"href":"https:\/\/skyrocketticketing.de\/fr\/wp-json\/wp\/v2\/pages\/24545\/revisions\/32927"}],"wp:attachment":[{"href":"https:\/\/skyrocketticketing.de\/fr\/wp-json\/wp\/v2\/media?parent=24545"}],"curies":[{"name":"wp","href":"https:\/\/api.w.org\/{rel}","templated":true}]}}