{"id":34486,"date":"2026-03-17T17:08:57","date_gmt":"2026-03-17T16:08:57","guid":{"rendered":"https:\/\/skyrocketticketing.de\/?post_type=product&#038;p=34486"},"modified":"2026-05-02T23:02:00","modified_gmt":"2026-05-02T21:02:00","slug":"tmf27","status":"publish","type":"product","link":"http:\/\/skyrocketticketing.de\/fr\/produit\/tmf27\/","title":{"rendered":"TMF - Trier Music Festival 2027 - 20.03.2027"},"content":{"rendered":"<h2>TMF 2027 - Blind Ticket | Edition 4<\/h2>\n<p>R\u00e9serve d\u00e8s maintenant ta place pour le plus grand festival indoor de Rh\u00e9nanie-Palatinat - au meilleur prix, avant que le line-up ne soit connu.<\/p>\n<p>\ud83d\udcc5 Date : samedi 20 mars 2027<br \/>\n\ud83d\udccd Lieu : Messepark Trier (Indoor)<br \/>\n\ud83c\udfb5 Genres : Hardstyle - Rawstyle - Uptempo<\/p>\n<p>Le billet \u00e0 l'aveugle te donne acc\u00e8s au TMF 2027 \u00e0 un prix r\u00e9duit pour une inscription anticip\u00e9e. Les billets VIP et les surclassements suivront avec la pr\u00e9vente r\u00e9guli\u00e8re.<br \/>\nLe line-up sera annonc\u00e9 ult\u00e9rieurement.<\/p>\n<p>Les billets \u00e0 l'aveugle sont strictement limit\u00e9s.<\/p>","protected":false},"excerpt":{"rendered":"<p>TMF 2027 - Blind Ticket | Edition 4 R\u00e9serve d\u00e8s maintenant ta place pour le plus grand festival indoor de Rh\u00e9nanie-Palatinat - au meilleur prix, avant que le line-up ne soit connu. \ud83d\udcc5 Date : samedi 20 mars 2027 \ud83d\udccd Lieu : Messepark Trier (Indoor) \ud83c\udfb5 Genres : Hardstyle - Rawstyle - Uptempo Le Blind Ticket te donne acc\u00e8s au TMF 2027 au...<\/p>","protected":false},"author":1,"featured_media":34491,"comment_status":"open","ping_status":"closed","template":"","meta":{"_kadence_starter_templates_imported_post":false,"_kad_post_transparent":"default","_kad_post_title":"","_kad_post_layout":"default","_kad_post_sidebar_id":"","_kad_post_content_style":"default","_kad_post_vertical_padding":"default","_kad_post_feature":"","_kad_post_feature_position":"","_kad_post_header":false,"_kad_post_footer":false,"_kad_post_classname":""},"product_brand":[],"product_cat":[51],"product_tag":[71,69,72,74,70],"class_list":{"0":"post-34486","1":"product","2":"type-product","3":"status-publish","4":"has-post-thumbnail","6":"product_cat-tmf-festival","7":"product_tag-elektro","8":"product_tag-festival","9":"product_tag-hardstyle","10":"product_tag-techno","11":"product_tag-trier","13":"first","14":"instock","15":"taxable","16":"shipping-taxable","17":"purchasable","18":"product-type-variable","19":"entry","20":"content-bg","21":"loop-entry"},"jetpack_sharing_enabled":true,"_links":{"self":[{"href":"http:\/\/skyrocketticketing.de\/fr\/wp-json\/wp\/v2\/product\/34486","targetHints":{"allow":["GET"]}}],"collection":[{"href":"http:\/\/skyrocketticketing.de\/fr\/wp-json\/wp\/v2\/product"}],"about":[{"href":"http:\/\/skyrocketticketing.de\/fr\/wp-json\/wp\/v2\/types\/product"}],"author":[{"embeddable":true,"href":"http:\/\/skyrocketticketing.de\/fr\/wp-json\/wp\/v2\/users\/1"}],"replies":[{"embeddable":true,"href":"http:\/\/skyrocketticketing.de\/fr\/wp-json\/wp\/v2\/comments?post=34486"}],"wp:featuredmedia":[{"embeddable":true,"href":"http:\/\/skyrocketticketing.de\/fr\/wp-json\/wp\/v2\/media\/34491"}],"wp:attachment":[{"href":"http:\/\/skyrocketticketing.de\/fr\/wp-json\/wp\/v2\/media?parent=34486"}],"wp:term":[{"taxonomy":"product_brand","embeddable":true,"href":"http:\/\/skyrocketticketing.de\/fr\/wp-json\/wp\/v2\/product_brand?post=34486"},{"taxonomy":"product_cat","embeddable":true,"href":"http:\/\/skyrocketticketing.de\/fr\/wp-json\/wp\/v2\/product_cat?post=34486"},{"taxonomy":"product_tag","embeddable":true,"href":"http:\/\/skyrocketticketing.de\/fr\/wp-json\/wp\/v2\/product_tag?post=34486"}],"curies":[{"name":"wp","href":"https:\/\/api.w.org\/{rel}","templated":true}]}}