{"id":12295,"date":"2024-05-30T13:12:25","date_gmt":"2024-05-30T11:12:25","guid":{"rendered":"https:\/\/skyrocketticketing.de\/?post_type=product&#038;p=12295"},"modified":"2024-10-17T02:30:16","modified_gmt":"2024-10-17T00:30:16","slug":"akkustikk","status":"publish","type":"product","link":"http:\/\/skyrocketticketing.de\/fr\/produit\/akkustikk\/","title":{"rendered":"15e anniversaire d'Akku-Stikk ! Trierweiler \/ Samedi 14\/09\/24"},"content":{"rendered":"<div class=\"page\" title=\"Page 1\">\n<div class=\"section\">\n<div class=\"layoutArea\">\n<div class=\"column\">\n<p>**F\u00eate avec nous le 15\u00e8me anniversaire d'Akku-Stikk!**<\/p>\n<\/div>\n<\/div>\n<div class=\"layoutArea\">\n<div class=\"column\">\n<p>Date : 14 septembre 2024<br \/>\nLieu : Groupe d'entreprises Borne, Im Keitelsberg 12, 54311 Trierweiler Entr\u00e9e : 18:00 heures<br \/>\nD\u00e9but de la premi\u00e8re partie \"Do\u0144t stop Brass\" 19:00 heures<br \/>\nD\u00e9but du concert principal (Akku-Stikk) : 20h30<\/p>\n<p>Plongez dans une nuit de musique, de plaisir et de bonnes actions lorsque Akku-Stikk, le c\u00e9l\u00e8bre cover band de Trierweiler, f\u00eatera son 15e anniversaire lors d'un concert de bienfaisance exceptionnel !<\/p>\n<p>Profite d'une s\u00e9lection vari\u00e9e de chansons des 40 derni\u00e8res ann\u00e9es, interpr\u00e9t\u00e9es de mani\u00e8re acoustique et pr\u00e9sent\u00e9es de mani\u00e8re entra\u00eenante. Du rock impertinent aux hits actuels, il y en a pour tous les go\u00fbts musicaux !<\/p>\n<p>Profite de notre happy hour de 19h00 \u00e0 20h00, o\u00f9 toutes les boissons sont \u00e0 moiti\u00e9 prix !<\/p>\n<p>La totalit\u00e9 des recettes du concert sera revers\u00e9e \u00e0 trois bonnes causes : 50% ASB W\u00fcnschewagen et 50% F\u00f6rderverein der Kita's Trierweiler und Sirzenich.<\/p>\n<p>R\u00e9jouis-toi \u00e9galement des d\u00e9licieux plats du traiteur Aom Ecken et des vins s\u00e9lectionn\u00e9s du domaine F\u00fcrst.<\/p>\n<p>R\u00e9servez d\u00e8s maintenant vos billets en pr\u00e9vente et participez \u00e0 cette soir\u00e9e inoubliable de musique, de divertissement et de bonnes actions !<\/p>\n<\/div>\n<\/div>\n<\/div>\n<\/div>","protected":false},"excerpt":{"rendered":"<div class=\"layoutArea\">\n<div class=\"column\">\n<div class=\"layoutArea\">\n<div class=\"column\">\n<p>**F\u00eate avec nous le 15\u00e8me anniversaire d'Akku-Stikk!**<\/p>\n<\/div>\n<\/div>\n<div class=\"layoutArea\">\n<div class=\"column\">\n<p>Date : 14 septembre 2024<br \/>\nLieu : Groupe d'entreprises Borne, Im Keitelsberg 12, 54311 Trierweiler Entr\u00e9e : 18:00 heures<br \/>\nD\u00e9but de la premi\u00e8re partie \"Do\u0144t stop Brass\" 19:00 heures<br \/>\nD\u00e9but du concert principal (Akku-Stikk) : 20h30<\/p>\n<\/div>\n<\/div>\n<\/div>\n<\/div>","protected":false},"author":1,"featured_media":12340,"comment_status":"closed","ping_status":"closed","template":"","meta":{"_kadence_starter_templates_imported_post":false,"_kad_post_transparent":"","_kad_post_title":"","_kad_post_layout":"","_kad_post_sidebar_id":"","_kad_post_content_style":"","_kad_post_vertical_padding":"","_kad_post_feature":"","_kad_post_feature_position":"","_kad_post_header":false,"_kad_post_footer":false,"_kad_post_classname":""},"product_brand":[],"product_cat":[54],"product_tag":[55],"class_list":{"0":"post-12295","1":"product","2":"type-product","3":"status-publish","4":"has-post-thumbnail","6":"product_cat-akku-stikk","7":"product_tag-akkustikk","9":"first","10":"outofstock","11":"purchasable","12":"product-type-variable","13":"entry","14":"content-bg","15":"loop-entry"},"jetpack_sharing_enabled":true,"_links":{"self":[{"href":"http:\/\/skyrocketticketing.de\/fr\/wp-json\/wp\/v2\/product\/12295","targetHints":{"allow":["GET"]}}],"collection":[{"href":"http:\/\/skyrocketticketing.de\/fr\/wp-json\/wp\/v2\/product"}],"about":[{"href":"http:\/\/skyrocketticketing.de\/fr\/wp-json\/wp\/v2\/types\/product"}],"author":[{"embeddable":true,"href":"http:\/\/skyrocketticketing.de\/fr\/wp-json\/wp\/v2\/users\/1"}],"replies":[{"embeddable":true,"href":"http:\/\/skyrocketticketing.de\/fr\/wp-json\/wp\/v2\/comments?post=12295"}],"wp:featuredmedia":[{"embeddable":true,"href":"http:\/\/skyrocketticketing.de\/fr\/wp-json\/wp\/v2\/media\/12340"}],"wp:attachment":[{"href":"http:\/\/skyrocketticketing.de\/fr\/wp-json\/wp\/v2\/media?parent=12295"}],"wp:term":[{"taxonomy":"product_brand","embeddable":true,"href":"http:\/\/skyrocketticketing.de\/fr\/wp-json\/wp\/v2\/product_brand?post=12295"},{"taxonomy":"product_cat","embeddable":true,"href":"http:\/\/skyrocketticketing.de\/fr\/wp-json\/wp\/v2\/product_cat?post=12295"},{"taxonomy":"product_tag","embeddable":true,"href":"http:\/\/skyrocketticketing.de\/fr\/wp-json\/wp\/v2\/product_tag?post=12295"}],"curies":[{"name":"wp","href":"https:\/\/api.w.org\/{rel}","templated":true}]}}